{"id":102,"date":"2014-01-22T16:31:38","date_gmt":"2014-01-22T14:31:38","guid":{"rendered":"http:\/\/relaunch.rossbergschule-horb.de\/?page_id=102"},"modified":"2026-02-25T13:32:09","modified_gmt":"2026-02-25T11:32:09","slug":"foerderschule","status":"publish","type":"page","link":"https:\/\/www.judo-club-horb.de\/?page_id=102","title":{"rendered":"Judo Anf\u00e4ngerkurse"},"content":{"rendered":"\n<details class=\"wp-block-details is-layout-flow wp-block-details-is-layout-flow\"><summary><\/summary>\n<p><\/p>\n<\/details>\n\n\n\n<p>Die Anf\u00e4ngerkurse\u00a0 f\u00fcr Kinder im Judo finden immer donnerstags in der Hohenberghalle statt.\u00a0 <strong>Der n\u00e4chste Anf\u00e4ngerkurs (1. Halbjahr 2026) beginnt am Donnerstag, den 26. Februar 2026.<\/strong> Kursende ist am <strong>Donnerstag, 23. Juli 2026<\/strong> mit dem Ziel einer erfolgreichen G\u00fcrtelpr\u00fcfung. <br><strong><mark>Wichtiger Hinweis: Der neue Anf\u00e4ngerkurs (26.02.26 bis 23.07.26) ist voll. Es k\u00f6nnen keine weiteren Interessenten aufgenommen werden!<\/mark><\/strong><\/p>\n\n\n\n<p><strong>Jugendliche und Erwachsene k\u00f6nnen jederzeit ins Training einsteigen und werden in das laufende Training integriert!<\/strong><\/p>\n\n\n\n<p>Der Kurs f\u00fcr Kinder beginnt um 17:00 Uhr und dauert bis 18:30 Uhr. <strong>Pro Kind darf ein Elternteil umsonst am Kurs mit teilnehmen!<\/strong> F\u00fcr die Dauer des Kurses werden den Teilnehmern, sofern der Vorrat reicht, Judoanz\u00fcge leihweise zur Verf\u00fcgung gestellt. Jungen und M\u00e4nner ziehen sich in Kabine 1 um, M\u00e4dchen und Frauen in Kabine 2.<\/p>\n\n\n\n<p>Bis zum dritten Trainingsabend darf man umsonst mittrainieren. Am dritten Trainingstag muss man sich entscheiden, ob man den Kurs durchf\u00fchren will. Wenn ja, muss man die Kursgeb\u00fchr in H\u00f6he von 65 Euro in bar entrichten. Zum Ende des Kurses kann man sich dann entscheiden, ob man Mitglied im Verein werden will. <strong><mark style=\"background-color:#000000\" class=\"has-inline-color has-white-color\">Nach dem dritten Trainingstag (12.03.2026) werden keine Teilnehmer mehr aufgenommen.<\/mark><\/strong><\/p>\n\n\n\n<p>Mindestalter: Der Anf\u00e4ngerkurs f\u00fcr Kinder ist f\u00fcr Jungen und M\u00e4dchen ab 6 Jahre. Sollte das Kind w\u00e4hrend des Kurses 6 Jahre alt werden, w\u00e4re das auch noch in Ordnung. Die Erfahrung hat aber gezeigt, dass Kinder die j\u00fcnger als 6 Jahre sind, in der Regel koordinativ als auch von der k\u00f6rperlichen Belastung schnell an ihre Grenzen kommen.<\/p>\n\n\n\n<p>Weitere Infos kann man beim zust\u00e4ndigen Trainer, Jens Eggert, erfragen. per Mail: <strong>Eggert-Jens(at)hotmail.de<\/strong>.<\/p>\n\n\n\n<p><strong>Anf\u00e4ngerkursgeb\u00fchren<\/strong><\/p>\n\n\n\n<p>&nbsp; <strong>65 Euro<\/strong> f\u00fcr eine Person (Kind\/Jugendlicher\/Erwachsener)<br><strong>110 Euro<\/strong> bei zwei Kinder\/Jugendliche einer Familie<br><strong>130 Euro<\/strong> bei drei Kindern\/Jugendlichen einer Familie<\/p>\n\n\n\n<p><strong>Wichtig: W\u00e4hrend der Schulferien und an Feiertagen ist die Hohenberghalle geschlossen. An diesen Terminen findet kein Training statt.<\/strong><\/p>\n\n\n\n<p><strong>An folgenden Tagen findet kein Training wegen Feiertagen oder Ferien statt:<\/strong><\/p>\n\n\n\n<p>\u00dcbersicht \u00fcber die Trainingstage im ersten Halbjahr 2026 in der Hohenberghalle Horb (<strong>\u00c4nderungen<\/strong> durch die Stadt Horb sind jederzeit m\u00f6glich).<\/p>\n\n\n\n<figure class=\"wp-block-table\"><table class=\"has-fixed-layout\"><tbody><tr><td><\/td><td><strong>Hinweis<\/strong><\/td><\/tr><tr><td><strong>Datum:<\/strong><\/td><td>erstes <strong>Halbjahr 2026<\/strong><\/td><\/tr><tr><td>26.02.2026<\/td><td>&nbsp;<\/td><\/tr><tr><td>05.03.2026<\/td><td>&nbsp;<\/td><\/tr><tr><td>12.03.2026<\/td><td>&nbsp;<\/td><\/tr><tr><td>19.03.2026<\/td><td>&nbsp;<\/td><\/tr><tr><td>26.03.2026<\/td><td>&nbsp;<\/td><\/tr><tr><td><strong>02.04.26 + 09.04.26<\/strong><\/td><td><strong>Osterferien&nbsp;<\/strong><\/td><\/tr><tr><td>16.04.2026<\/td><td><\/td><\/tr><tr><td>23.04.2026<\/td><td>&nbsp;<\/td><\/tr><tr><td>30.04.2026<\/td><td>&nbsp;<\/td><\/tr><tr><td>07.05.2026<\/td><td>&nbsp;<\/td><\/tr><tr><td>14.05.2026<\/td><td><strong>Feiertag  (Christi Himmelfahrt)&nbsp;<\/strong><\/td><\/tr><tr><td>21.05.2026<\/td><td>&nbsp;<\/td><\/tr><tr><td><strong>28.05.26 + 04.06.26<\/strong><\/td><td>&nbsp;<strong>Pfingstferien<\/strong><\/td><\/tr><tr><td>11.06.2026<\/td><td>&nbsp;<\/td><\/tr><tr><td>18.06.2026<\/td><td><\/td><\/tr><tr><td>25.06.2026<\/td><td>&nbsp;<\/td><\/tr><tr><td>02.07.2026<\/td><td>&nbsp;<\/td><\/tr><tr><td>09.07.2026<\/td><td>&nbsp;<\/td><\/tr><tr><td>16.07.2026 Training in der gro\u00dfen Stadionhalle<\/td><td>&nbsp;<\/td><\/tr><tr><td>23.07.2026 Training in der gro\u00dfen Stadionhalle<\/td><td><strong>G\u00fcrtelpr\u00fcfung f\u00fcr den Anf\u00e4ngerkurs<\/strong><\/td><\/tr><\/tbody><\/table><\/figure>\n\n\n\n<p><strong>Stand: 22 Januar 2026<\/strong><\/p>\n\n\n\n<figure class=\"wp-block-image\"><img loading=\"lazy\" decoding=\"async\" width=\"741\" height=\"1052\" src=\"http:\/\/www.judo-club-horb.de\/wp-content\/uploads\/2024\/06\/2024-Vereinszertifikat-Gold.jpg\" alt=\"\" class=\"wp-image-4897\" srcset=\"https:\/\/www.judo-club-horb.de\/wp-content\/uploads\/2024\/06\/2024-Vereinszertifikat-Gold.jpg 741w, https:\/\/www.judo-club-horb.de\/wp-content\/uploads\/2024\/06\/2024-Vereinszertifikat-Gold-211x300.jpg 211w, https:\/\/www.judo-club-horb.de\/wp-content\/uploads\/2024\/06\/2024-Vereinszertifikat-Gold-585x831.jpg 585w, https:\/\/www.judo-club-horb.de\/wp-content\/uploads\/2024\/06\/2024-Vereinszertifikat-Gold-35x50.jpg 35w\" sizes=\"auto, (max-width: 741px) 100vw, 741px\" \/><\/figure>\n","protected":false},"excerpt":{"rendered":"<p>Die Anf\u00e4ngerkurse\u00a0 f\u00fcr Kinder im Judo finden immer donnerstags in der Hohenberghalle statt.\u00a0 Der n\u00e4chste Anf\u00e4ngerkurs (1. Halbjahr 2026) beginnt am Donnerstag, den 26. Februar 2026. Kursende ist am Donnerstag, 23. Juli 2026 mit dem Ziel einer erfolgreichen G\u00fcrtelpr\u00fcfung. Wichtiger Hinweis: Der neue Anf\u00e4ngerkurs (26.02.26 bis 23.07.26) ist voll. Es k\u00f6nnen keine weiteren Interessenten aufgenommen [&hellip;]<\/p>\n","protected":false},"author":1,"featured_media":0,"parent":0,"menu_order":4,"comment_status":"closed","ping_status":"closed","template":"","meta":{"footnotes":""},"class_list":["post-102","page","type-page","status-publish","hentry"],"_links":{"self":[{"href":"https:\/\/www.judo-club-horb.de\/index.php?rest_route=\/wp\/v2\/pages\/102","targetHints":{"allow":["GET"]}}],"collection":[{"href":"https:\/\/www.judo-club-horb.de\/index.php?rest_route=\/wp\/v2\/pages"}],"about":[{"href":"https:\/\/www.judo-club-horb.de\/index.php?rest_route=\/wp\/v2\/types\/page"}],"author":[{"embeddable":true,"href":"https:\/\/www.judo-club-horb.de\/index.php?rest_route=\/wp\/v2\/users\/1"}],"replies":[{"embeddable":true,"href":"https:\/\/www.judo-club-horb.de\/index.php?rest_route=%2Fwp%2Fv2%2Fcomments&post=102"}],"version-history":[{"count":49,"href":"https:\/\/www.judo-club-horb.de\/index.php?rest_route=\/wp\/v2\/pages\/102\/revisions"}],"predecessor-version":[{"id":5395,"href":"https:\/\/www.judo-club-horb.de\/index.php?rest_route=\/wp\/v2\/pages\/102\/revisions\/5395"}],"wp:attachment":[{"href":"https:\/\/www.judo-club-horb.de\/index.php?rest_route=%2Fwp%2Fv2%2Fmedia&parent=102"}],"curies":[{"name":"wp","href":"https:\/\/api.w.org\/{rel}","templated":true}]}}