{"id":110,"date":"2014-01-22T16:35:09","date_gmt":"2014-01-22T14:35:09","guid":{"rendered":"http:\/\/relaunch.rossbergschule-horb.de\/?page_id=110"},"modified":"2026-03-02T14:39:58","modified_gmt":"2026-03-02T12:39:58","slug":"kontakt","status":"publish","type":"page","link":"https:\/\/www.judo-club-horb.de\/?page_id=110","title":{"rendered":"Verein &#8211; Infos"},"content":{"rendered":"\n<p><strong>Unser Verein hat das Zertifikat des Deutschen Judobundes erhalten, denn er zeichnet sich durch professionelles Training, offiziell anerkannte Pr\u00fcfungen und vielf\u00e4ltigen Aktionen aus.<\/strong><\/p>\n\n\n\n<figure class=\"wp-block-image size-full\"><img loading=\"lazy\" decoding=\"async\" width=\"402\" height=\"276\" src=\"https:\/\/www.judo-club-horb.de\/wp-content\/uploads\/2026\/03\/Wuerttemberg27.png\" alt=\"\" class=\"wp-image-5404\" srcset=\"https:\/\/www.judo-club-horb.de\/wp-content\/uploads\/2026\/03\/Wuerttemberg27.png 402w, https:\/\/www.judo-club-horb.de\/wp-content\/uploads\/2026\/03\/Wuerttemberg27-320x220.png 320w, https:\/\/www.judo-club-horb.de\/wp-content\/uploads\/2026\/03\/Wuerttemberg27-50x34.png 50w\" sizes=\"auto, (max-width: 402px) 100vw, 402px\" \/><\/figure>\n\n\n\n<p><\/p>\n\n\n\n<figure class=\"wp-block-image size-large\"><img loading=\"lazy\" decoding=\"async\" width=\"585\" height=\"827\" src=\"https:\/\/www.judo-club-horb.de\/wp-content\/uploads\/2026\/03\/2026-2017-Vereinszertifikat-Gold-585x827.jpg\" alt=\"\" class=\"wp-image-5406\" srcset=\"https:\/\/www.judo-club-horb.de\/wp-content\/uploads\/2026\/03\/2026-2017-Vereinszertifikat-Gold-585x827.jpg 585w, https:\/\/www.judo-club-horb.de\/wp-content\/uploads\/2026\/03\/2026-2017-Vereinszertifikat-Gold-212x300.jpg 212w, https:\/\/www.judo-club-horb.de\/wp-content\/uploads\/2026\/03\/2026-2017-Vereinszertifikat-Gold-35x50.jpg 35w, https:\/\/www.judo-club-horb.de\/wp-content\/uploads\/2026\/03\/2026-2017-Vereinszertifikat-Gold.jpg 762w\" sizes=\"auto, (max-width: 585px) 100vw, 585px\" \/><\/figure>\n\n\n\n<p>&nbsp;<\/p>\n\n\n\n<p>Hier finden Sie viele n\u00fctzliche Informationen \u00fcber unseren Verein. Wann wurde er gegr\u00fcndet? Wer leitet heute die Geschicke des Vereins? Was kostet die Mitgliedschaft?<\/p>\n","protected":false},"excerpt":{"rendered":"<p>Unser Verein hat das Zertifikat des Deutschen Judobundes erhalten, denn er zeichnet sich durch professionelles Training, offiziell anerkannte Pr\u00fcfungen und vielf\u00e4ltigen Aktionen aus. &nbsp; Hier finden Sie viele n\u00fctzliche Informationen \u00fcber unseren Verein. Wann wurde er gegr\u00fcndet? Wer leitet heute die Geschicke des Vereins? Was kostet die Mitgliedschaft?<\/p>\n","protected":false},"author":1,"featured_media":0,"parent":0,"menu_order":9,"comment_status":"closed","ping_status":"closed","template":"","meta":{"footnotes":""},"class_list":["post-110","page","type-page","status-publish","hentry"],"_links":{"self":[{"href":"https:\/\/www.judo-club-horb.de\/index.php?rest_route=\/wp\/v2\/pages\/110","targetHints":{"allow":["GET"]}}],"collection":[{"href":"https:\/\/www.judo-club-horb.de\/index.php?rest_route=\/wp\/v2\/pages"}],"about":[{"href":"https:\/\/www.judo-club-horb.de\/index.php?rest_route=\/wp\/v2\/types\/page"}],"author":[{"embeddable":true,"href":"https:\/\/www.judo-club-horb.de\/index.php?rest_route=\/wp\/v2\/users\/1"}],"replies":[{"embeddable":true,"href":"https:\/\/www.judo-club-horb.de\/index.php?rest_route=%2Fwp%2Fv2%2Fcomments&post=110"}],"version-history":[{"count":20,"href":"https:\/\/www.judo-club-horb.de\/index.php?rest_route=\/wp\/v2\/pages\/110\/revisions"}],"predecessor-version":[{"id":5407,"href":"https:\/\/www.judo-club-horb.de\/index.php?rest_route=\/wp\/v2\/pages\/110\/revisions\/5407"}],"wp:attachment":[{"href":"https:\/\/www.judo-club-horb.de\/index.php?rest_route=%2Fwp%2Fv2%2Fmedia&parent=110"}],"curies":[{"name":"wp","href":"https:\/\/api.w.org\/{rel}","templated":true}]}}