{"id":112,"date":"2014-01-22T16:35:55","date_gmt":"2014-01-22T14:35:55","guid":{"rendered":"http:\/\/relaunch.rossbergschule-horb.de\/?page_id=112"},"modified":"2016-03-25T20:02:54","modified_gmt":"2016-03-25T18:02:54","slug":"wegbeschreibung","status":"publish","type":"page","link":"https:\/\/www.judo-club-horb.de\/?page_id=112","title":{"rendered":"Wegbeschreibungen"},"content":{"rendered":"<p><a href=\"https:\/\/www.judo-club-horb.de\/wp-content\/uploads\/2014\/04\/horber_hallen.gif\"><img loading=\"lazy\" decoding=\"async\" class=\"size-full wp-image-2215 alignleft\" alt=\"horber_hallen\" src=\"https:\/\/www.judo-club-horb.de\/wp-content\/uploads\/2014\/04\/horber_hallen.gif\" width=\"359\" height=\"285\" \/><\/a>Dem Judo Club Horb stehen zwei Sporthallen zur Verf\u00fcgung, in denen er an drei Abenden das Training f\u00fcr Judo und Aikido anbieten kann.<\/p>\n<p>In der gro\u00dfen Stadionhalle wird an jedem Montag und Freitag trainiert. Der Vorteil dieses Trainingsortes ist, dass das Training durch keine andere Sportgruppe sowohl r\u00e4umlich als auch von der Ger\u00e4uschkulisse her beeintr\u00e4chtigt wird.<\/p>\n<p>Donnerstags wird das Training in der Hohenberghalle auf der Trainingsfl\u00e4che der Empore abgehalten. Hier werden die halbj\u00e4hrlichen Anf\u00e4ngerkurse, als auch das Freizeit- und G\u00fcrtelvorbereitungstraining angeboten. Leider muss man hier die Ger\u00e4usche der anderen Hallenteile, in denen zu dieser Zeit Volleyball trainiert wird, in Kauf nehmen.<\/p>\n<p>Als Trainer stehen dem Verein lizenzierte \u00dcbungsleiter, Trainer C als auch A-Trainer zur Verf\u00fcgung. Ebenso unterst\u00fctzen einige Jugendliche als Assistenztrainer die Arbeit im Kindertraining.<\/p>\n<p>Wir bitten alle Trainingsteilnehmer darauf zu achten, dass man alle seine Wertsachen am besten mit der Sporttasche mit in die Halle nimmt, da w\u00e4hrend des Trainings die T\u00fcren der Eingangshallen nicht verschlossen sind. Wir haben somit keinen Einfluss darauf, wer w\u00e4hrend des Trainings sich in den Umkleidekabinen aufh\u00e4lt!<\/p>\n<p>Wer eine genau \u00dcbersicht haben m\u00f6chte, wo sich die Trainingsorte befinden, braucht nur die folgenden Links anklicken. Man landet dann auf der Homepage des St\u00e4dteverlages und kann sich anschlie\u00dfend den passenden Kartenausschnitt ausdrucken:<\/p>\n<p><a href=\"http:\/\/www.1001-stadtplan.de\/Stadtplan\/Horb\/pub\/Hohenberghalle-Mehrzweckhalle-.map\" target=\"_blank\">Hohenberghalle<\/a><\/p>\n<p><a href=\"http:\/\/www.1001-stadtplan.de\/stadtplan\/horb\/pub\/stadion.map\" target=\"_blank\">Stadionhalle<\/a><\/p>\n","protected":false},"excerpt":{"rendered":"<p>Dem Judo Club Horb stehen zwei Sporthallen zur Verf\u00fcgung, in denen er an drei Abenden das Training f\u00fcr Judo und Aikido anbieten kann. In der gro\u00dfen Stadionhalle wird an jedem Montag und Freitag trainiert. Der Vorteil dieses Trainingsortes ist, dass das Training durch keine andere Sportgruppe sowohl r\u00e4umlich als auch von der Ger\u00e4uschkulisse her beeintr\u00e4chtigt [&hellip;]<\/p>\n","protected":false},"author":1,"featured_media":0,"parent":110,"menu_order":6,"comment_status":"closed","ping_status":"closed","template":"","meta":{"footnotes":""},"class_list":["post-112","page","type-page","status-publish","hentry"],"_links":{"self":[{"href":"https:\/\/www.judo-club-horb.de\/index.php?rest_route=\/wp\/v2\/pages\/112","targetHints":{"allow":["GET"]}}],"collection":[{"href":"https:\/\/www.judo-club-horb.de\/index.php?rest_route=\/wp\/v2\/pages"}],"about":[{"href":"https:\/\/www.judo-club-horb.de\/index.php?rest_route=\/wp\/v2\/types\/page"}],"author":[{"embeddable":true,"href":"https:\/\/www.judo-club-horb.de\/index.php?rest_route=\/wp\/v2\/users\/1"}],"replies":[{"embeddable":true,"href":"https:\/\/www.judo-club-horb.de\/index.php?rest_route=%2Fwp%2Fv2%2Fcomments&post=112"}],"version-history":[{"count":11,"href":"https:\/\/www.judo-club-horb.de\/index.php?rest_route=\/wp\/v2\/pages\/112\/revisions"}],"predecessor-version":[{"id":3312,"href":"https:\/\/www.judo-club-horb.de\/index.php?rest_route=\/wp\/v2\/pages\/112\/revisions\/3312"}],"up":[{"embeddable":true,"href":"https:\/\/www.judo-club-horb.de\/index.php?rest_route=\/wp\/v2\/pages\/110"}],"wp:attachment":[{"href":"https:\/\/www.judo-club-horb.de\/index.php?rest_route=%2Fwp%2Fv2%2Fmedia&parent=112"}],"curies":[{"name":"wp","href":"https:\/\/api.w.org\/{rel}","templated":true}]}}