{"id":1428,"date":"2014-02-13T14:25:17","date_gmt":"2014-02-13T12:25:17","guid":{"rendered":"http:\/\/relaunch.rossbergschule-horb.de\/?page_id=1428"},"modified":"2014-02-14T19:41:28","modified_gmt":"2014-02-14T17:41:28","slug":"news-2","status":"publish","type":"page","link":"https:\/\/www.judo-club-horb.de\/?page_id=1428","title":{"rendered":"News"},"content":{"rendered":"<p>Wenn man auf die einzelnen Jahrg\u00e4nge klickt, erh\u00e4lt man einen \u00dcberblick \u00fcber die Monate, in denen wir Beitr\u00e4ge auf unserer Homepage ver\u00f6ffentlicht haben.<\/p>\n<p><code><div id=\"smart-archives-fancy\">\n\t<ul class=\"tabs year-list\">\n\t\t<li>\n\t<a  href=\"https:\/\/www.judo-club-horb.de\/?m=2023\">2023<\/a>\n<\/li>\n<li>\n\t<a  href=\"https:\/\/www.judo-club-horb.de\/?m=2024\">2024<\/a>\n<\/li>\n<li>\n\t<a  href=\"https:\/\/www.judo-club-horb.de\/?m=2025\">2025<\/a>\n<\/li>\n<li>\n\t<a  href=\"https:\/\/www.judo-club-horb.de\/?m=2026\">2026<\/a>\n<\/li>\n\n\t<\/ul>\n\n\t<div class=\"pane\">\n\t\t<ul id=\"month-list-2023\" class=\"tabs month-list\">\n\t\t\t<li>\t\t<span class=\"empty-month\">Jan.<\/span><\/li><li>\t<a  href=\"https:\/\/www.judo-club-horb.de\/?m=202302\">Feb.<\/a>\t<\/li><li>\t<a  href=\"https:\/\/www.judo-club-horb.de\/?m=202303\">M&auml;rz<\/a>\t<\/li><li>\t<a  href=\"https:\/\/www.judo-club-horb.de\/?m=202304\">Apr.<\/a>\t<\/li><li>\t<a  href=\"https:\/\/www.judo-club-horb.de\/?m=202305\">Mai<\/a>\t<\/li><li>\t\t<span class=\"empty-month\">Juni<\/span><\/li><li>\t<a  href=\"https:\/\/www.judo-club-horb.de\/?m=202307\">Juli<\/a>\t<\/li><li>\t\t<span class=\"empty-month\">Aug.<\/span><\/li><li>\t<a  href=\"https:\/\/www.judo-club-horb.de\/?m=202309\">Sep.<\/a>\t<\/li><li>\t<a  href=\"https:\/\/www.judo-club-horb.de\/?m=202310\">Okt.<\/a>\t<\/li><li>\t<a  href=\"https:\/\/www.judo-club-horb.de\/?m=202311\">Nov.<\/a>\t<\/li><li>\t<a  href=\"https:\/\/www.judo-club-horb.de\/?m=202312\">Dez.<\/a>\t<\/li>\n\t\t<\/ul>\n\t\t<div class=\"pane\">\n\t\t\t<h2 class=\"month-heading\">Februar 2023 <span class=\"month-archive-link\">( <a href=\"https:\/\/www.judo-club-horb.de\/?m=202302\">Komplettes Archiv anzeigen<\/a> )<\/span><\/h2>\n\t\t\t<ul class=\"archive-list\">\n\t\t\t\t<li><a href=\"https:\/\/www.judo-club-horb.de\/?p=4522\">09. & 10.02.2023 G\u00fcrtelpr\u00fcfungen<\/a><\/li>\n<li><a href=\"https:\/\/www.judo-club-horb.de\/?p=4535\">04.02.2023 Neujahrsfest<\/a><\/li>\n\n\t\t\t<\/ul>\n\t\t<\/div>\n\t\t<div class=\"pane\">\n\t\t\t<h2 class=\"month-heading\">M&auml;rz 2023 <span class=\"month-archive-link\">( <a href=\"https:\/\/www.judo-club-horb.de\/?m=202303\">Komplettes Archiv anzeigen<\/a> )<\/span><\/h2>\n\t\t\t<ul class=\"archive-list\">\n\t\t\t\t<li><a href=\"https:\/\/www.judo-club-horb.de\/?p=4579\">26.03.2023 G\u00fcrtelfarbenturnier in Steinheim<\/a><\/li>\n<li><a href=\"https:\/\/www.judo-club-horb.de\/?p=4570\">19.03.2023 S\u00fcdw\u00fcrttembergische EM der Jugend U11 m\/w<\/a><\/li>\n<li><a href=\"https:\/\/www.judo-club-horb.de\/?p=4565\">10.03.2023 Mitgliederversammlung<\/a><\/li>\n\n\t\t\t<\/ul>\n\t\t<\/div>\n\t\t<div class=\"pane\">\n\t\t\t<h2 class=\"month-heading\">April 2023 <span class=\"month-archive-link\">( <a href=\"https:\/\/www.judo-club-horb.de\/?m=202304\">Komplettes Archiv anzeigen<\/a> )<\/span><\/h2>\n\t\t\t<ul class=\"archive-list\">\n\t\t\t\t<li><a href=\"https:\/\/www.judo-club-horb.de\/?p=4587\">31.03.2023 G\u00fcrtelpr\u00fcfung<\/a><\/li>\n<li><a href=\"https:\/\/www.judo-club-horb.de\/?p=4594\">07.03.2023 Judotraining mit Kindern der Pestalozzischule Horb am Neckar<\/a><\/li>\n\n\t\t\t<\/ul>\n\t\t<\/div>\n\t\t<div class=\"pane\">\n\t\t\t<h2 class=\"month-heading\">Mai 2023 <span class=\"month-archive-link\">( <a href=\"https:\/\/www.judo-club-horb.de\/?m=202305\">Komplettes Archiv anzeigen<\/a> )<\/span><\/h2>\n\t\t\t<ul class=\"archive-list\">\n\t\t\t\t<li><a href=\"https:\/\/www.judo-club-horb.de\/?p=4599\">06.05.2023 S\u00fcdw\u00fcrttembergische EM der Jugend U13<\/a><\/li>\n\n\t\t\t<\/ul>\n\t\t<\/div>\n\t\t<div class=\"pane\">\n\t\t\t<h2 class=\"month-heading\">Juli 2023 <span class=\"month-archive-link\">( <a href=\"https:\/\/www.judo-club-horb.de\/?m=202307\">Komplettes Archiv anzeigen<\/a> )<\/span><\/h2>\n\t\t\t<ul class=\"archive-list\">\n\t\t\t\t<li><a href=\"https:\/\/www.judo-club-horb.de\/?p=4644\">22.07.2023 Sommerfest des Judo Club Horb<\/a><\/li>\n<li><a href=\"https:\/\/www.judo-club-horb.de\/?p=4635\">20.07.2023 32 Pr\u00fcflinge in vier Gruppen gepr\u00fcft<\/a><\/li>\n<li><a href=\"https:\/\/www.judo-club-horb.de\/?p=4624\">07.07.2023 Sportlerehrung Stadt Horb<\/a><\/li>\n<li><a href=\"https:\/\/www.judo-club-horb.de\/?p=4629\">02.07.2023 WJV Blaugurtlehrgang in Horb<\/a><\/li>\n\n\t\t\t<\/ul>\n\t\t<\/div>\n\t\t<div class=\"pane\">\n\t\t\t<h2 class=\"month-heading\">September 2023 <span class=\"month-archive-link\">( <a href=\"https:\/\/www.judo-club-horb.de\/?m=202309\">Komplettes Archiv anzeigen<\/a> )<\/span><\/h2>\n\t\t\t<ul class=\"archive-list\">\n\t\t\t\t<li><a href=\"https:\/\/www.judo-club-horb.de\/?p=4693\">16.09.2023 Familienausflug zum Bodensee<\/a><\/li>\n\n\t\t\t<\/ul>\n\t\t<\/div>\n\t\t<div class=\"pane\">\n\t\t\t<h2 class=\"month-heading\">Oktober 2023 <span class=\"month-archive-link\">( <a href=\"https:\/\/www.judo-club-horb.de\/?m=202310\">Komplettes Archiv anzeigen<\/a> )<\/span><\/h2>\n\t\t\t<ul class=\"archive-list\">\n\t\t\t\t<li><a href=\"https:\/\/www.judo-club-horb.de\/?p=4707\">12.10.2023 Projekt Judo 1000 - Lehrgang mit Franz Kofler<\/a><\/li>\n<li><a href=\"https:\/\/www.judo-club-horb.de\/?p=4737\">01. & 07.10.2023 Bezirksliga 2023<\/a><\/li>\n\n\t\t\t<\/ul>\n\t\t<\/div>\n\t\t<div class=\"pane\">\n\t\t\t<h2 class=\"month-heading\">November 2023 <span class=\"month-archive-link\">( <a href=\"https:\/\/www.judo-club-horb.de\/?m=202311\">Komplettes Archiv anzeigen<\/a> )<\/span><\/h2>\n\t\t\t<ul class=\"archive-list\">\n\t\t\t\t<li><a href=\"https:\/\/www.judo-club-horb.de\/?p=4752\">25.11.2023 Lehrgang mit Vize-Weltmeisterin Katharina Menz<\/a><\/li>\n\n\t\t\t<\/ul>\n\t\t<\/div>\n\t\t<div class=\"pane\">\n\t\t\t<h2 class=\"month-heading\">Dezember 2023 <span class=\"month-archive-link\">( <a href=\"https:\/\/www.judo-club-horb.de\/?m=202312\">Komplettes Archiv anzeigen<\/a> )<\/span><\/h2>\n\t\t\t<ul class=\"archive-list\">\n\t\t\t\t<li><a href=\"https:\/\/www.judo-club-horb.de\/?p=4791\">09.12.2023 Stopsturnier f\u00fcr Wettkampfneulinge in Freudenstadt<\/a><\/li>\n<li><a href=\"https:\/\/www.judo-club-horb.de\/?p=4777\">07.12.2023 Der Nikolaus besucht den Anf\u00e4ngerkurs<\/a><\/li>\n\n\t\t\t<\/ul>\n\t\t<\/div>\n\t<\/div>\n\t<div class=\"pane\">\n\t\t<ul id=\"month-list-2024\" class=\"tabs month-list\">\n\t\t\t<li>\t\t<span class=\"empty-month\">Jan.<\/span><\/li><li>\t<a  href=\"https:\/\/www.judo-club-horb.de\/?m=202402\">Feb.<\/a>\t<\/li><li>\t<a  href=\"https:\/\/www.judo-club-horb.de\/?m=202403\">M&auml;rz<\/a>\t<\/li><li>\t\t<span class=\"empty-month\">Apr.<\/span><\/li><li>\t\t<span class=\"empty-month\">Mai<\/span><\/li><li>\t<a  href=\"https:\/\/www.judo-club-horb.de\/?m=202406\">Juni<\/a>\t<\/li><li>\t<a  href=\"https:\/\/www.judo-club-horb.de\/?m=202407\">Juli<\/a>\t<\/li><li>\t\t<span class=\"empty-month\">Aug.<\/span><\/li><li>\t\t<span class=\"empty-month\">Sep.<\/span><\/li><li>\t\t<span class=\"empty-month\">Okt.<\/span><\/li><li>\t\t<span class=\"empty-month\">Nov.<\/span><\/li><li>\t<a  href=\"https:\/\/www.judo-club-horb.de\/?m=202412\">Dez.<\/a>\t<\/li>\n\t\t<\/ul>\n\t\t<div class=\"pane\">\n\t\t\t<h2 class=\"month-heading\">Februar 2024 <span class=\"month-archive-link\">( <a href=\"https:\/\/www.judo-club-horb.de\/?m=202402\">Komplettes Archiv anzeigen<\/a> )<\/span><\/h2>\n\t\t\t<ul class=\"archive-list\">\n\t\t\t\t<li><a href=\"https:\/\/www.judo-club-horb.de\/?p=4825\">25.02.2024 WJV Themenlehrgang Braungurt<\/a><\/li>\n<li><a href=\"https:\/\/www.judo-club-horb.de\/?p=4806\">02.02.2024 G\u00fcrtelpr\u00fcfung Anf\u00e4ngerkurs<\/a><\/li>\n<li><a href=\"https:\/\/www.judo-club-horb.de\/?p=4809\">27.01.2024 Neujahrsfest<\/a><\/li>\n\n\t\t\t<\/ul>\n\t\t<\/div>\n\t\t<div class=\"pane\">\n\t\t\t<h2 class=\"month-heading\">M&auml;rz 2024 <span class=\"month-archive-link\">( <a href=\"https:\/\/www.judo-club-horb.de\/?m=202403\">Komplettes Archiv anzeigen<\/a> )<\/span><\/h2>\n\t\t\t<ul class=\"archive-list\">\n\t\t\t\t<li><a href=\"https:\/\/www.judo-club-horb.de\/?p=4860\">22.03.2024 erfolgreiche G\u00fcrtelpr\u00fcfung vor Ostern<\/a><\/li>\n<li><a href=\"https:\/\/www.judo-club-horb.de\/?p=4849\">10.03.2024 Kata-Lehrgang in Esslingen<\/a><\/li>\n<li><a href=\"https:\/\/www.judo-club-horb.de\/?p=4839\">08.03.2024 Jahreshauptversammlung<\/a><\/li>\n\n\t\t\t<\/ul>\n\t\t<\/div>\n\t\t<div class=\"pane\">\n\t\t\t<h2 class=\"month-heading\">Juni 2024 <span class=\"month-archive-link\">( <a href=\"https:\/\/www.judo-club-horb.de\/?m=202406\">Komplettes Archiv anzeigen<\/a> )<\/span><\/h2>\n\t\t\t<ul class=\"archive-list\">\n\t\t\t\t<li><a href=\"https:\/\/www.judo-club-horb.de\/?p=4902\">22.06.2024 Judo-Safari<\/a><\/li>\n<li><a href=\"https:\/\/www.judo-club-horb.de\/?p=4882\">05.06.2024 Spenden\u00fcbergabe der Kreissparkasse<\/a><\/li>\n\n\t\t\t<\/ul>\n\t\t<\/div>\n\t\t<div class=\"pane\">\n\t\t\t<h2 class=\"month-heading\">Juli 2024 <span class=\"month-archive-link\">( <a href=\"https:\/\/www.judo-club-horb.de\/?m=202407\">Komplettes Archiv anzeigen<\/a> )<\/span><\/h2>\n\t\t\t<ul class=\"archive-list\">\n\t\t\t\t<li><a href=\"https:\/\/www.judo-club-horb.de\/?p=4941\">14.07.2024 Kata im S\u00fcden<\/a><\/li>\n\n\t\t\t<\/ul>\n\t\t<\/div>\n\t\t<div class=\"pane\">\n\t\t\t<h2 class=\"month-heading\">Dezember 2024 <span class=\"month-archive-link\">( <a href=\"https:\/\/www.judo-club-horb.de\/?m=202412\">Komplettes Archiv anzeigen<\/a> )<\/span><\/h2>\n\t\t\t<ul class=\"archive-list\">\n\t\t\t\t<li><a href=\"https:\/\/www.judo-club-horb.de\/?p=4982\">19.12.2024 Finde den Unterschied<\/a><\/li>\n<li><a href=\"https:\/\/www.judo-club-horb.de\/?p=4968\">08.12.2024 erfolgreiche Dan-Pr\u00fcfung<\/a><\/li>\n<li><a href=\"https:\/\/www.judo-club-horb.de\/?p=4978\">01.12.2024 erfolgreiche Teilnahme beim Stopsturnier<\/a><\/li>\n\n\t\t\t<\/ul>\n\t\t<\/div>\n\t<\/div>\n\t<div class=\"pane\">\n\t\t<ul id=\"month-list-2025\" class=\"tabs month-list\">\n\t\t\t<li>\t\t<span class=\"empty-month\">Jan.<\/span><\/li><li>\t<a  href=\"https:\/\/www.judo-club-horb.de\/?m=202502\">Feb.<\/a>\t<\/li><li>\t<a  href=\"https:\/\/www.judo-club-horb.de\/?m=202503\">M&auml;rz<\/a>\t<\/li><li>\t\t<span class=\"empty-month\">Apr.<\/span><\/li><li>\t<a  href=\"https:\/\/www.judo-club-horb.de\/?m=202505\">Mai<\/a>\t<\/li><li>\t\t<span class=\"empty-month\">Juni<\/span><\/li><li>\t<a  href=\"https:\/\/www.judo-club-horb.de\/?m=202507\">Juli<\/a>\t<\/li><li>\t\t<span class=\"empty-month\">Aug.<\/span><\/li><li>\t\t<span class=\"empty-month\">Sep.<\/span><\/li><li>\t<a  href=\"https:\/\/www.judo-club-horb.de\/?m=202510\">Okt.<\/a>\t<\/li><li>\t\t<span class=\"empty-month\">Nov.<\/span><\/li><li>\t<a  href=\"https:\/\/www.judo-club-horb.de\/?m=202512\">Dez.<\/a>\t<\/li>\n\t\t<\/ul>\n\t\t<div class=\"pane\">\n\t\t\t<h2 class=\"month-heading\">Februar 2025 <span class=\"month-archive-link\">( <a href=\"https:\/\/www.judo-club-horb.de\/?m=202502\">Komplettes Archiv anzeigen<\/a> )<\/span><\/h2>\n\t\t\t<ul class=\"archive-list\">\n\t\t\t\t<li><a href=\"https:\/\/www.judo-club-horb.de\/?p=5069\">22.02.2025 S\u00fcdw\u00fcrttembergische EM U11<\/a><\/li>\n<li><a href=\"https:\/\/www.judo-club-horb.de\/?p=5057\">20.02.2025 erfolgreiche G\u00fcrtelpr\u00fcfung des Anf\u00e4ngerkurses<\/a><\/li>\n<li><a href=\"https:\/\/www.judo-club-horb.de\/?p=5025\">25.01.2025 Neujahrsfest<\/a><\/li>\n\n\t\t\t<\/ul>\n\t\t<\/div>\n\t\t<div class=\"pane\">\n\t\t\t<h2 class=\"month-heading\">M&auml;rz 2025 <span class=\"month-archive-link\">( <a href=\"https:\/\/www.judo-club-horb.de\/?m=202503\">Komplettes Archiv anzeigen<\/a> )<\/span><\/h2>\n\t\t\t<ul class=\"archive-list\">\n\t\t\t\t<li><a href=\"https:\/\/www.judo-club-horb.de\/?p=5114\">23.03.2025 Landeseinzelmeisterschaft U11<\/a><\/li>\n<li><a href=\"https:\/\/www.judo-club-horb.de\/?p=5108\">23.03.2025 Pr\u00fcferlizenzlehrgang in Freudenstadt<\/a><\/li>\n<li><a href=\"https:\/\/www.judo-club-horb.de\/?p=5084\">21.03.2025 Jahreshauptversammlung<\/a><\/li>\n\n\t\t\t<\/ul>\n\t\t<\/div>\n\t\t<div class=\"pane\">\n\t\t\t<h2 class=\"month-heading\">Mai 2025 <span class=\"month-archive-link\">( <a href=\"https:\/\/www.judo-club-horb.de\/?m=202505\">Komplettes Archiv anzeigen<\/a> )<\/span><\/h2>\n\t\t\t<ul class=\"archive-list\">\n\t\t\t\t<li><a href=\"https:\/\/www.judo-club-horb.de\/?p=5156\">17.05.2025 Assistenztrainerlehrgang in G\u00f6ppingen<\/a><\/li>\n<li><a href=\"https:\/\/www.judo-club-horb.de\/?p=5139\">14.05.2025 Spenden\u00fcbergabe bei der Kreissparkasse Freudenstadt<\/a><\/li>\n\n\t\t\t<\/ul>\n\t\t<\/div>\n\t\t<div class=\"pane\">\n\t\t\t<h2 class=\"month-heading\">Juli 2025 <span class=\"month-archive-link\">( <a href=\"https:\/\/www.judo-club-horb.de\/?m=202507\">Komplettes Archiv anzeigen<\/a> )<\/span><\/h2>\n\t\t\t<ul class=\"archive-list\">\n\t\t\t\t<li><a href=\"https:\/\/www.judo-club-horb.de\/?p=5235\">25.07.2025 Mammut-G\u00fcrtelpr\u00fcfung<\/a><\/li>\n<li><a href=\"https:\/\/www.judo-club-horb.de\/?p=5224\">24.07.2025 Anf\u00e4ngerkurs erfolgreich abgeschlossen<\/a><\/li>\n<li><a href=\"https:\/\/www.judo-club-horb.de\/?p=5215\">29.06.2025 WJV-Themenlehrgang in Horb<\/a><\/li>\n<li><a href=\"https:\/\/www.judo-club-horb.de\/?p=5199\">28.06.2025 Judo-Safari<\/a><\/li>\n\n\t\t\t<\/ul>\n\t\t<\/div>\n\t\t<div class=\"pane\">\n\t\t\t<h2 class=\"month-heading\">Oktober 2025 <span class=\"month-archive-link\">( <a href=\"https:\/\/www.judo-club-horb.de\/?m=202510\">Komplettes Archiv anzeigen<\/a> )<\/span><\/h2>\n\t\t\t<ul class=\"archive-list\">\n\t\t\t\t<li><a href=\"https:\/\/www.judo-club-horb.de\/?p=5296\">25. &amp; 26.10.25 Judolehrgang mit Bundestrainer der Geh\u00f6rlosen<\/a><\/li>\n<li><a href=\"https:\/\/www.judo-club-horb.de\/?p=5285\">12.10.2025 Baden-W\u00fcrttembergische EM U13 in Kirchberg an der Murr<\/a><\/li>\n<li><a href=\"https:\/\/www.judo-club-horb.de\/?p=5280\">05.10.2025 Landeseinzelmeisterschaft U13 in Backnang<\/a><\/li>\n<li><a href=\"https:\/\/www.judo-club-horb.de\/?p=5277\">04.10.2025 S\u00fcdw\u00fcrttembergische Mannschaftsmeisterschaft U11 in Kirchheim\/Teck<\/a><\/li>\n<li><a href=\"https:\/\/www.judo-club-horb.de\/?p=5257\">28.09.2025 S\u00fcdw\u00fcrttembergische Einzelmeisterschaft U 13 m\/ in Horb<\/a><\/li>\n\n\t\t\t<\/ul>\n\t\t<\/div>\n\t\t<div class=\"pane\">\n\t\t\t<h2 class=\"month-heading\">Dezember 2025 <span class=\"month-archive-link\">( <a href=\"https:\/\/www.judo-club-horb.de\/?m=202512\">Komplettes Archiv anzeigen<\/a> )<\/span><\/h2>\n\t\t\t<ul class=\"archive-list\">\n\t\t\t\t<li><a href=\"https:\/\/www.judo-club-horb.de\/?p=5325\">07.12.2025 Stopsturnier in Freudenstadt<\/a><\/li>\n<li><a href=\"https:\/\/www.judo-club-horb.de\/?p=5319\">05.12.2025 Der Nikolaus ist im Training<\/a><\/li>\n<li><a href=\"https:\/\/www.judo-club-horb.de\/?p=5331\">29.11.2025 Platz 5 beim Kappelbergturnier<\/a><\/li>\n\n\t\t\t<\/ul>\n\t\t<\/div>\n\t<\/div>\n\t<div class=\"pane\">\n\t\t<ul id=\"month-list-2026\" class=\"tabs month-list\">\n\t\t\t<li>\t<a  href=\"https:\/\/www.judo-club-horb.de\/?m=202601\">Jan.<\/a>\t<\/li><li>\t<a  href=\"https:\/\/www.judo-club-horb.de\/?m=202602\">Feb.<\/a>\t<\/li><li>\t\t<span class=\"empty-month\">M&auml;rz<\/span><\/li><li>\t<a  href=\"https:\/\/www.judo-club-horb.de\/?m=202604\">Apr.<\/a>\t<\/li><li>\t\t<span class=\"empty-month\">Mai<\/span><\/li><li>\t\t<span class=\"empty-month\">Juni<\/span><\/li><li>\t\t<span class=\"empty-month\">Juli<\/span><\/li><li>\t\t<span class=\"empty-month\">Aug.<\/span><\/li><li>\t\t<span class=\"empty-month\">Sep.<\/span><\/li><li>\t\t<span class=\"empty-month\">Okt.<\/span><\/li><li>\t\t<span class=\"empty-month\">Nov.<\/span><\/li><li>\t\t<span class=\"empty-month\">Dez.<\/span><\/li>\n\t\t<\/ul>\n\t\t<div class=\"pane\">\n\t\t\t<h2 class=\"month-heading\">Januar 2026 <span class=\"month-archive-link\">( <a href=\"https:\/\/www.judo-club-horb.de\/?m=202601\">Komplettes Archiv anzeigen<\/a> )<\/span><\/h2>\n\t\t\t<ul class=\"archive-list\">\n\t\t\t\t<li><a href=\"https:\/\/www.judo-club-horb.de\/?p=5340\">10.01.2026 Neujahrsfest<\/a><\/li>\n\n\t\t\t<\/ul>\n\t\t<\/div>\n\t\t<div class=\"pane\">\n\t\t\t<h2 class=\"month-heading\">Februar 2026 <span class=\"month-archive-link\">( <a href=\"https:\/\/www.judo-club-horb.de\/?m=202602\">Komplettes Archiv anzeigen<\/a> )<\/span><\/h2>\n\t\t\t<ul class=\"archive-list\">\n\t\t\t\t<li><a href=\"https:\/\/www.judo-club-horb.de\/?p=5382\">05.02.2026 Erfolgreiche G\u00fcrtelpr\u00fcfung<\/a><\/li>\n\n\t\t\t<\/ul>\n\t\t<\/div>\n\t\t<div class=\"pane\">\n\t\t\t<h2 class=\"month-heading\">April 2026 <span class=\"month-archive-link\">( <a href=\"https:\/\/www.judo-club-horb.de\/?m=202604\">Komplettes Archiv anzeigen<\/a> )<\/span><\/h2>\n\t\t\t<ul class=\"archive-list\">\n\t\t\t\t<li><a href=\"https:\/\/www.judo-club-horb.de\/?p=5430\">06.03.2026 Jahreshauptversammlung<\/a><\/li>\n\n\t\t\t<\/ul>\n\t\t<\/div>\n\t<\/div>\n<\/div>\n<\/code>\u00a0<\/p>\n<p>&nbsp;<\/p>\n","protected":false},"excerpt":{"rendered":"<p>Wenn man auf die einzelnen Jahrg\u00e4nge klickt, erh\u00e4lt man einen \u00dcberblick \u00fcber die Monate, in denen wir Beitr\u00e4ge auf unserer Homepage ver\u00f6ffentlicht haben. \u00a0 &nbsp;<\/p>\n","protected":false},"author":2,"featured_media":0,"parent":0,"menu_order":2,"comment_status":"closed","ping_status":"closed","template":"","meta":{"footnotes":""},"class_list":["post-1428","page","type-page","status-publish","hentry"],"_links":{"self":[{"href":"https:\/\/www.judo-club-horb.de\/index.php?rest_route=\/wp\/v2\/pages\/1428","targetHints":{"allow":["GET"]}}],"collection":[{"href":"https:\/\/www.judo-club-horb.de\/index.php?rest_route=\/wp\/v2\/pages"}],"about":[{"href":"https:\/\/www.judo-club-horb.de\/index.php?rest_route=\/wp\/v2\/types\/page"}],"author":[{"embeddable":true,"href":"https:\/\/www.judo-club-horb.de\/index.php?rest_route=\/wp\/v2\/users\/2"}],"replies":[{"embeddable":true,"href":"https:\/\/www.judo-club-horb.de\/index.php?rest_route=%2Fwp%2Fv2%2Fcomments&post=1428"}],"version-history":[{"count":3,"href":"https:\/\/www.judo-club-horb.de\/index.php?rest_route=\/wp\/v2\/pages\/1428\/revisions"}],"predecessor-version":[{"id":1435,"href":"https:\/\/www.judo-club-horb.de\/index.php?rest_route=\/wp\/v2\/pages\/1428\/revisions\/1435"}],"wp:attachment":[{"href":"https:\/\/www.judo-club-horb.de\/index.php?rest_route=%2Fwp%2Fv2%2Fmedia&parent=1428"}],"curies":[{"name":"wp","href":"https:\/\/api.w.org\/{rel}","templated":true}]}}