{"id":1943,"date":"2014-04-07T20:08:10","date_gmt":"2014-04-07T18:08:10","guid":{"rendered":"http:\/\/relaunch.judo-club-horb.de\/?page_id=1943"},"modified":"2024-06-21T16:00:13","modified_gmt":"2024-06-21T14:00:13","slug":"training","status":"publish","type":"page","link":"https:\/\/www.judo-club-horb.de\/?page_id=1943","title":{"rendered":"Training"},"content":{"rendered":"<p>Unter dieser Rubik findet man die wichtigsten Infos rund um das Training.<\/p>\n<p><img loading=\"lazy\" decoding=\"async\" class=\"alignnone wp-image-4893 size-large\" src=\"http:\/\/www.judo-club-horb.de\/wp-content\/uploads\/2024\/06\/W\u00fcrttemberg-585x400.png\" alt=\"\" width=\"585\" height=\"400\" srcset=\"https:\/\/www.judo-club-horb.de\/wp-content\/uploads\/2024\/06\/W\u00fcrttemberg-585x400.png 585w, https:\/\/www.judo-club-horb.de\/wp-content\/uploads\/2024\/06\/W\u00fcrttemberg-320x219.png 320w, https:\/\/www.judo-club-horb.de\/wp-content\/uploads\/2024\/06\/W\u00fcrttemberg-50x34.png 50w, https:\/\/www.judo-club-horb.de\/wp-content\/uploads\/2024\/06\/W\u00fcrttemberg.png 672w\" sizes=\"auto, (max-width: 585px) 100vw, 585px\" \/><\/p>\n<p><strong>Ein wichtiger Hinweis f\u00fcr alle Judoka und den Eltern der Kinder:<\/strong><\/p>\n<p><span style=\"color: #ff0000;\">Im Training ist das Tragen von Schmuck wegen der Verletzungsgefahr nicht gestattet.<\/span><br \/>\n<span style=\"color: #ff0000;\">Aus hygienischen Gr\u00fcnden bitten wir, dass jeder Schlappen\/Hausschuhe mitnimmt, damit man den Weg von der Umkleidekabine in die Trainingshalle nicht barfu\u00df zur\u00fccklegt. Wir m\u00f6chten nicht, dass der Schmutz auf den G\u00e4ngen oder den Toiletten auf die Matte gebracht wird.<\/span><\/p>\n<p>&nbsp;<\/p>\n<p><a href=\"https:\/\/www.judo-club-horb.de\/wp-content\/uploads\/2014\/04\/alle_judowerte.jpg\"><img loading=\"lazy\" decoding=\"async\" class=\"alignnone size-full wp-image-2209\" src=\"https:\/\/www.judo-club-horb.de\/wp-content\/uploads\/2014\/04\/alle_judowerte.jpg\" alt=\"alle_judowerte\" width=\"600\" height=\"500\" srcset=\"https:\/\/www.judo-club-horb.de\/wp-content\/uploads\/2014\/04\/alle_judowerte.jpg 600w, https:\/\/www.judo-club-horb.de\/wp-content\/uploads\/2014\/04\/alle_judowerte-320x266.jpg 320w, https:\/\/www.judo-club-horb.de\/wp-content\/uploads\/2014\/04\/alle_judowerte-585x487.jpg 585w, https:\/\/www.judo-club-horb.de\/wp-content\/uploads\/2014\/04\/alle_judowerte-50x41.jpg 50w\" sizes=\"auto, (max-width: 600px) 100vw, 600px\" \/><\/a><\/p>\n<p>Die Judo-Werte, wie sie vom <a href=\"http:\/\/www.judobund.de\/\">Deutschen Judobund<\/a> propagiert werden. Quelle: www.judobund.de<\/p>\n","protected":false},"excerpt":{"rendered":"<p>Unter dieser Rubik findet man die wichtigsten Infos rund um das Training. Ein wichtiger Hinweis f\u00fcr alle Judoka und den Eltern der Kinder: Im Training ist das Tragen von Schmuck wegen der Verletzungsgefahr nicht gestattet. Aus hygienischen Gr\u00fcnden bitten wir, dass jeder Schlappen\/Hausschuhe mitnimmt, damit man den Weg von der Umkleidekabine in die Trainingshalle nicht [&hellip;]<\/p>\n","protected":false},"author":3,"featured_media":0,"parent":0,"menu_order":3,"comment_status":"closed","ping_status":"closed","template":"","meta":{"footnotes":""},"class_list":["post-1943","page","type-page","status-publish","hentry"],"_links":{"self":[{"href":"https:\/\/www.judo-club-horb.de\/index.php?rest_route=\/wp\/v2\/pages\/1943","targetHints":{"allow":["GET"]}}],"collection":[{"href":"https:\/\/www.judo-club-horb.de\/index.php?rest_route=\/wp\/v2\/pages"}],"about":[{"href":"https:\/\/www.judo-club-horb.de\/index.php?rest_route=\/wp\/v2\/types\/page"}],"author":[{"embeddable":true,"href":"https:\/\/www.judo-club-horb.de\/index.php?rest_route=\/wp\/v2\/users\/3"}],"replies":[{"embeddable":true,"href":"https:\/\/www.judo-club-horb.de\/index.php?rest_route=%2Fwp%2Fv2%2Fcomments&post=1943"}],"version-history":[{"count":8,"href":"https:\/\/www.judo-club-horb.de\/index.php?rest_route=\/wp\/v2\/pages\/1943\/revisions"}],"predecessor-version":[{"id":4894,"href":"https:\/\/www.judo-club-horb.de\/index.php?rest_route=\/wp\/v2\/pages\/1943\/revisions\/4894"}],"wp:attachment":[{"href":"https:\/\/www.judo-club-horb.de\/index.php?rest_route=%2Fwp%2Fv2%2Fmedia&parent=1943"}],"curies":[{"name":"wp","href":"https:\/\/api.w.org\/{rel}","templated":true}]}}