{"id":2178,"date":"2014-04-11T15:31:39","date_gmt":"2014-04-11T13:31:39","guid":{"rendered":"http:\/\/relaunch.judo-club-horb.de\/?page_id=2178"},"modified":"2014-04-11T15:37:44","modified_gmt":"2014-04-11T13:37:44","slug":"judo-geschichte-allgemein","status":"publish","type":"page","link":"https:\/\/www.judo-club-horb.de\/?page_id=2178","title":{"rendered":"Judo &#8211; Geschichte allgemein"},"content":{"rendered":"<p><!--[if gte mso 9]><xml><br \/>\n <w:WordDocument><br \/>\n  <w:View>Normal<\/w:View><br \/>\n  <w:Zoom>0<\/w:Zoom><br \/>\n  <w:HyphenationZone>21<\/w:HyphenationZone><br \/>\n  <w:PunctuationKerning\/><br \/>\n  <w:ValidateAgainstSchemas\/><br \/>\n  <w:SaveIfXMLInvalid>false<\/w:SaveIfXMLInvalid><br \/>\n  <w:IgnoreMixedContent>false<\/w:IgnoreMixedContent><br \/>\n  <w:AlwaysShowPlaceholderText>false<\/w:AlwaysShowPlaceholderText><br \/>\n  <w:Compatibility><br \/>\n   <w:BreakWrappedTables\/><br \/>\n   <w:SnapToGridInCell\/><br \/>\n   <w:WrapTextWithPunct\/><br \/>\n   <w:UseAsianBreakRules\/><br \/>\n   <w:DontGrowAutofit\/><br \/>\n  <\/w:Compatibility><br \/>\n  <w:BrowserLevel>MicrosoftInternetExplorer4<\/w:BrowserLevel><br \/>\n <\/w:WordDocument><br \/>\n<\/xml><![endif]--><\/p>\n<p><!--[if gte mso 9]><xml><br \/>\n <w:LatentStyles DefLockedState=\"false\" LatentStyleCount=\"156\"><br \/>\n <\/w:LatentStyles><br \/>\n<\/xml><![endif]--><!--[if gte mso 10]><\/p>\n\n\n\n\n<style>\n \/* Style Definitions *\/\n table.MsoNormalTable\n\t{mso-style-name:\"Normale Tabelle\";\n\tmso-tstyle-rowband-size:0;\n\tmso-tstyle-colband-size:0;\n\tmso-style-noshow:yes;\n\tmso-style-parent:\"\";\n\tmso-padding-alt:0cm 5.4pt 0cm 5.4pt;\n\tmso-para-margin:0cm;\n\tmso-para-margin-bottom:.0001pt;\n\tmso-pagination:widow-orphan;\n\tfont-size:10.0pt;\n\tfont-family:\"Times New Roman\";\n\tmso-ansi-language:#0400;\n\tmso-fareast-language:#0400;\n\tmso-bidi-language:#0400;}\n<\/style>\n\n\n\n\n<p><![endif]--><\/p>\n<h2 style=\"text-align: center;\" align=\"center\"><strong><span style=\"font-size: 10.0pt; font-family: Arial; color: black;\">&#8222;Kleine Judogeschichte&#8220;<\/span><\/strong><b><span style=\"font-size: 10.0pt; font-family: Arial; color: black;\"><br \/> <\/span><\/b><span style=\"font-size: 10.0pt; font-family: Arial; color: black;\">Zur Geschichte des Judo: Schwabe als Geburtshelfer &#8211; Urspr\u00fcnge bei den Samurai<\/span><\/h2>\n<p><span style=\"font-size: 10.0pt; font-family: Arial; color: black;\">Es ist immer wieder das Gleiche, wenn ein Judoka anderen von seiner Sportart erz\u00e4hlt. Einige fuchteln pl\u00f6tzlich mit ihren H\u00e4nden in vermeintlicher &#8222;Bruce-Lee-Manier&#8220; vor dessen Gesicht und fragen, wie schnell man jemanden auf\u00b4s Kreuz legen oder k.o. schlagen k\u00f6nnte und ob man denn schon den schwarzen G\u00fcrtel h\u00e4tte. Sicherlich m\u00fcsste man jetzt Angst vor einem haben.<\/span><\/p>\n<p><span style=\"font-size: 10.0pt; font-family: Arial; color: black;\">Alles Quatsch! In solchen Situationen zeigt es sich dann wieder, dass viele von Judo nicht die geringste Vorstellung haben und diesen Sport mit Kung-Fu oder Karate verwechseln oder gleichsetzten.<\/span><\/p>\n<p><span style=\"font-size: 10.0pt; font-family: Arial; color: black;\">Den Ursprung findet man in den alten Kampfk\u00fcnsten des mittelalterlichen Japans. Die Samurai, japanische Ritter, lernten bei besonderen Meistern dieser Kampfk\u00fcnste ihre Gegner ohne Waffen kampfunf\u00e4hig zu machen. Doch das heutige Judo hat mit den alten K\u00fcnsten und deren Ziele nur noch wenig gemein.<\/span><\/p>\n<p><span style=\"font-size: 10.0pt; font-family: Arial; color: black;\">Die &#8222;Geburtsstunde&#8220; des Judo war im Jahre 1882. Der junge Jigoro Kano gr\u00fcndete in Tokio die Schule zum Studium des sanften Weges, den Kodokan, der auch heute noch als Zentrum des Judosports auf der ganzen Welt gilt.<\/span><\/p>\n<p><span style=\"font-size: 10.0pt; font-family: Arial; color: black;\">Verschiedenen Quellen nach war angeblich ein Schwabe indirekt mitverantwortlich f\u00fcr die &#8222;Geburt des Judo&#8220;. Geheimrat Ernst von Baelz aus Bietigheim am Neckar war Mitte des vergangenen Jahrhunderts als Arzt nach Japan gekommen und unterrichtete an der Universit\u00e4t von Tokio. Von Baelz, der w\u00e4hrend seines Japanaufenthaltes die Selbstverteidigungsart Jiu-Jitsu erlernte, erachtete diese als eine geeignete gymnastische Methode, den k\u00f6rperlichen Zustand seiner Studenten zu verbessern. Unter diesen Studenten befand sich auch der junge Jigoro Kano. Ob sich Ernst von Baelz und Jigoro Kano jemals pers\u00f6nlich begegnet sind, ist historisch nicht belegt.<\/span><\/p>\n<p><span style=\"font-size: 10.0pt; font-family: Arial; color: black;\">Kano war zumindest von den alten Kampfk\u00fcnsten begeistert und studierte einige Jahre bei verschiedenen Meistern seiner Zeit. Durch das Weglassen von allen gef\u00e4hrlichen Schlag- und Sto\u00dftechniken entwickelte er eine bis dahin nicht bekannte Sportart in Japan, die der &#8222;Judo&#8220; nannte, &#8222;der sanfte Weg&#8220;.<\/span><\/p>\n<div id=\"page\">\n<p>Die Inhalte des Judo sind eine Vielzahl von Wurftechniken, die in Fu\u00df-, Bein-, H\u00fcft-, Hand-, Schulter- und Selbstfalltechniken ihre Anwendung finden. Im Bodenkampf gibt es ebenfalls unz\u00e4hlig viele Techniken, die in Haltegriffen, W\u00fcrgegriffe und Armhebeltechniken eingeteilt sind.<\/p>\n<p>Auch die von Jigoro Kano aufgestellten moralischen Prinzipien unterschieden sich grundlegend von den bisherigen Kampfsportk\u00fcnsten. War es bisher das Ziel, einen &#8222;Gegner&#8220; nach M\u00f6glichkeit kampfunf\u00e4hig zu machen, stand nun neben der eigenen k\u00f6rperlichen und geistigen Vervollkommnung das Wohl des Partners im Vordergrund. Das moralische Prinzip vom gegenseitigen Helfen und Verstehen regelt noch heute das Verhalten der Judoka auf der Matte.<\/p>\n<p>Denn nur derjenige, welcher R\u00fccksicht und Fairness gegen\u00fcber seinem Partner walten l\u00e4sst, wird immer einen Partner finden. Judo ohne einen Partner hingegen ist undenkbar.<\/p>\n<\/div>\n<p>&nbsp;<\/p>\n","protected":false},"excerpt":{"rendered":"<p>&#8222;Kleine Judogeschichte&#8220; Zur Geschichte des Judo: Schwabe als Geburtshelfer &#8211; Urspr\u00fcnge bei den Samurai Es ist immer wieder das Gleiche, wenn ein Judoka anderen von seiner Sportart erz\u00e4hlt. Einige fuchteln pl\u00f6tzlich mit ihren H\u00e4nden in vermeintlicher &#8222;Bruce-Lee-Manier&#8220; vor dessen Gesicht und fragen, wie schnell man jemanden auf\u00b4s Kreuz legen oder k.o. schlagen k\u00f6nnte und ob [&hellip;]<\/p>\n","protected":false},"author":3,"featured_media":0,"parent":97,"menu_order":6,"comment_status":"closed","ping_status":"closed","template":"","meta":{"footnotes":""},"class_list":["post-2178","page","type-page","status-publish","hentry"],"_links":{"self":[{"href":"https:\/\/www.judo-club-horb.de\/index.php?rest_route=\/wp\/v2\/pages\/2178","targetHints":{"allow":["GET"]}}],"collection":[{"href":"https:\/\/www.judo-club-horb.de\/index.php?rest_route=\/wp\/v2\/pages"}],"about":[{"href":"https:\/\/www.judo-club-horb.de\/index.php?rest_route=\/wp\/v2\/types\/page"}],"author":[{"embeddable":true,"href":"https:\/\/www.judo-club-horb.de\/index.php?rest_route=\/wp\/v2\/users\/3"}],"replies":[{"embeddable":true,"href":"https:\/\/www.judo-club-horb.de\/index.php?rest_route=%2Fwp%2Fv2%2Fcomments&post=2178"}],"version-history":[{"count":2,"href":"https:\/\/www.judo-club-horb.de\/index.php?rest_route=\/wp\/v2\/pages\/2178\/revisions"}],"predecessor-version":[{"id":2193,"href":"https:\/\/www.judo-club-horb.de\/index.php?rest_route=\/wp\/v2\/pages\/2178\/revisions\/2193"}],"up":[{"embeddable":true,"href":"https:\/\/www.judo-club-horb.de\/index.php?rest_route=\/wp\/v2\/pages\/97"}],"wp:attachment":[{"href":"https:\/\/www.judo-club-horb.de\/index.php?rest_route=%2Fwp%2Fv2%2Fmedia&parent=2178"}],"curies":[{"name":"wp","href":"https:\/\/api.w.org\/{rel}","templated":true}]}}