{"id":2184,"date":"2014-04-11T15:34:26","date_gmt":"2014-04-11T13:34:26","guid":{"rendered":"http:\/\/relaunch.judo-club-horb.de\/?page_id=2184"},"modified":"2016-03-25T20:06:32","modified_gmt":"2016-03-25T18:06:32","slug":"jigoro-kano-gruender-des-judosports","status":"publish","type":"page","link":"https:\/\/www.judo-club-horb.de\/?page_id=2184","title":{"rendered":"Jigoro Kano &#8211; Gr\u00fcnder des Judosports"},"content":{"rendered":"<div id=\"page\">\n<p><strong>Jigoro Kano (1860 bis 1938) der Begr\u00fcnder des Judo <\/strong><\/p>\n<p><a href=\"https:\/\/www.judo-club-horb.de\/wp-content\/uploads\/2014\/04\/kano02.gif\"><img loading=\"lazy\" decoding=\"async\" class=\"size-full wp-image-2222 alignleft\" alt=\"kano02\" src=\"https:\/\/www.judo-club-horb.de\/wp-content\/uploads\/2014\/04\/kano02.gif\" width=\"235\" height=\"257\" \/><\/a>Es gibt eine Tatsache in Bezug auf den Begr\u00fcnder des Judo, von dem kaum ein Judoka wei\u00df: Professor Jigoro Kano war P\u00e4dagoge!<\/p>\n<p>Jigoro Kano war verschiedenen Quellen nach angeblich ein Student des schw\u00e4bischen Arztes Ernst von Baelz. Ob sich Kano und von Baeltz jemals pers\u00f6nlich begegnet sind, ist historisch nicht einwandfrei belegt. Zumindes hatte Geheimrat von Baelz den Zustand der japanischen Studenten bem\u00e4ngelt und vorgeschlagen, dass diese sich k\u00f6rperlich ert\u00fcchtigen sollten. Neben verschiedenen gymnastischen \u00dcbungen sah von Baeltz auch die alten japanischen Kampfk\u00fcnsten als geeignetes Mittel zur k\u00f6rperlichen Ert\u00fcchtigung an.<\/p>\n<p>Als Jigoro Kano im Jahr 1882 seine Sportschule, den Kodokan (&#8222;die Schule zum Studium des sanften Weges&#8220;) gr\u00fcndete, bewies er zum ersten Mal sein p\u00e4dagogisches und organisatorisches Talent. &#8222;Und der p\u00e4dagogische Sektor sollte w\u00e4hrend seines ganzen Lebens sein Arbeitsgebiet bleiben. Er wurde Direktor der P\u00e4dagogischen Hochschule in Tokio und w\u00e4hrend der 23 Jahre seiner Amtszeit war sein h\u00f6chstes Ziel die Ausbildung der Lehrer immer wieder zu verbessern.<\/p>\n<p>So verst\u00e4rkte er die Sportausbildung in Tokio, indem er seinen Sportclub gr\u00fcndete, der aus den Sektionen Judo, Kendo, Schwergymnastik, Sumo, Tennis, Fu\u00dfball und Baseball bestand.&#8220;<\/p>\n<p>(Info aus: F\u00fcllgrabe, Uwe: Jigoro Kano als moderner P\u00e4dagoge, in: Judo, Fachzeitschrift f\u00fcr Budo-Sportarten, L\u00fcbeck 1971, Heft 2, S. 11)<\/p>\n<\/div>\n","protected":false},"excerpt":{"rendered":"<p>Jigoro Kano (1860 bis 1938) der Begr\u00fcnder des Judo Es gibt eine Tatsache in Bezug auf den Begr\u00fcnder des Judo, von dem kaum ein Judoka wei\u00df: Professor Jigoro Kano war P\u00e4dagoge! Jigoro Kano war verschiedenen Quellen nach angeblich ein Student des schw\u00e4bischen Arztes Ernst von Baelz. Ob sich Kano und von Baeltz jemals pers\u00f6nlich begegnet [&hellip;]<\/p>\n","protected":false},"author":3,"featured_media":0,"parent":97,"menu_order":2,"comment_status":"closed","ping_status":"closed","template":"","meta":{"footnotes":""},"class_list":["post-2184","page","type-page","status-publish","hentry"],"_links":{"self":[{"href":"https:\/\/www.judo-club-horb.de\/index.php?rest_route=\/wp\/v2\/pages\/2184","targetHints":{"allow":["GET"]}}],"collection":[{"href":"https:\/\/www.judo-club-horb.de\/index.php?rest_route=\/wp\/v2\/pages"}],"about":[{"href":"https:\/\/www.judo-club-horb.de\/index.php?rest_route=\/wp\/v2\/types\/page"}],"author":[{"embeddable":true,"href":"https:\/\/www.judo-club-horb.de\/index.php?rest_route=\/wp\/v2\/users\/3"}],"replies":[{"embeddable":true,"href":"https:\/\/www.judo-club-horb.de\/index.php?rest_route=%2Fwp%2Fv2%2Fcomments&post=2184"}],"version-history":[{"count":4,"href":"https:\/\/www.judo-club-horb.de\/index.php?rest_route=\/wp\/v2\/pages\/2184\/revisions"}],"predecessor-version":[{"id":3314,"href":"https:\/\/www.judo-club-horb.de\/index.php?rest_route=\/wp\/v2\/pages\/2184\/revisions\/3314"}],"up":[{"embeddable":true,"href":"https:\/\/www.judo-club-horb.de\/index.php?rest_route=\/wp\/v2\/pages\/97"}],"wp:attachment":[{"href":"https:\/\/www.judo-club-horb.de\/index.php?rest_route=%2Fwp%2Fv2%2Fmedia&parent=2184"}],"curies":[{"name":"wp","href":"https:\/\/api.w.org\/{rel}","templated":true}]}}