{"id":2186,"date":"2014-04-11T15:35:18","date_gmt":"2014-04-11T13:35:18","guid":{"rendered":"http:\/\/relaunch.judo-club-horb.de\/?page_id=2186"},"modified":"2016-03-29T21:11:36","modified_gmt":"2016-03-29T19:11:36","slug":"judo-paedagogische-ziele","status":"publish","type":"page","link":"https:\/\/www.judo-club-horb.de\/?page_id=2186","title":{"rendered":"Judo &#8211; p\u00e4dagogische Ziele"},"content":{"rendered":"<p><strong>P\u00e4dagogische Ziele des Judosports <\/strong><\/p>\n<p>Jigoro Kano legte gro\u00dfen Wert darauf, dass die von ihm aufgestellten Prinzipien im Judo strikt eingehalten wurden. Die Prinzipien bezogen sich zum einen auf den k\u00f6rperlichen Zustand des \u00dcbenden, und zum anderen zu dessen moralisch-sittliche Einstellung.<\/p>\n<p>\u201e<strong><em>Seirjoku-zenyo<\/em><\/strong>\u201c \u2013 das \u201e<strong><em>Prinzip der gr\u00f6\u00dften Wirksamkeit<\/em><\/strong>\u201c f\u00fcr K\u00f6rper und Geist.<\/p>\n<p><strong>Der k\u00f6rperliche Zustand<\/strong><br \/>Der einzelne Judoka soll nach dem &#8222;Prinzip der gr\u00f6\u00dften Wirksamkeit&#8220; im Bereich der K\u00f6rperbeherrschung handeln. Dies bedeutet auch zum Beispiel, dass man einem k\u00f6rperlich \u00fcberlegenen Gegner nicht mit aller Kraft entgegenstehen soll und damit zwangsl\u00e4ufig seine eigenen Kraftreserven vergeudet, sondern durch geschickte K\u00f6rperbeherrschung und &#8211; einsatz den Krafteinsatz des Gegners in eine &#8222;St\u00e4rke&#8220; umwandeln kann. Beispielsweise durch das Prinzip &#8222;Siegen durch Nachgeben&#8220;. Hierzu hat Kano folgendes Beispiel genannt:<\/p>\n<p><strong><em>\u201eAngenommen, wir gehen einen Bergpfad entlang, an einer Seite ein Abgrund und ein Mann neben mir gehend springt pl\u00f6tzlich auf mich zu und versucht mich in den Abgrund zu st\u00fcrzen. In diesem Falle k\u00f6nnte ich es nicht verhindern in den Abgrund geworfen zu werden, auch wenn ich versuchte ihm zu widerstehen. Wenn ich im Gegenteil ihm nachgebe und im selben Augenblick meinen K\u00f6rper wende und meinen Gegner zum Abgrund ziehe, so kann ich ihn leicht \u00fcber den Rand werfen und zur selben Zeit meinen K\u00f6rper auf dem Boden in Sicherheit bringen.\u201c<\/em> (Kano, Jigoro: in Das Judo-ABC 1984, Budo Verlag Sport Rhode, Dreieich-Sprendlingen, 1984)<\/strong><\/p>\n<p>Dieses Beispiel zeigt, dass man auch in einem Moment, wo man k\u00f6rperlich schwach erscheint, diese \u201eSchw\u00e4che\u201c durch geschickte K\u00f6rperbeherrschung und Einsatz in eine \u201eSt\u00e4rke\u201c umwandeln kann.<\/p>\n<p>Dieses Prinzip kann, so Kano, auch auf anderen Gebieten menschlichen Wirkens angewandt werden. Diesen Grundsatz kann man anwenden zur Vervollkommnung des menschlichen K\u00f6rpers, er kann auch angewandt werden zur Vervollkommnung der intellektuellen und moralischen Kraft. Somit ist Judo im weiten Sinne ein Studium und eine \u00dcbungsmethode f\u00fcr den K\u00f6rper und Geist, als auch f\u00fcr die Vorschriften des Lebens.<\/p>\n<p>&nbsp;<\/p>\n<div id=\"attachment_2218\" style=\"width: 210px\" class=\"wp-caption alignnone\"><a href=\"https:\/\/www.judo-club-horb.de\/wp-content\/uploads\/2014\/04\/Judowerte-Hoeflichkeit.jpg\"><img loading=\"lazy\" decoding=\"async\" aria-describedby=\"caption-attachment-2218\" class=\"size-full wp-image-2218\" alt=\"Judowerte-Hoeflichkeit\" src=\"https:\/\/www.judo-club-horb.de\/wp-content\/uploads\/2014\/04\/Judowerte-Hoeflichkeit.jpg\" width=\"200\" height=\"133\" srcset=\"https:\/\/www.judo-club-horb.de\/wp-content\/uploads\/2014\/04\/Judowerte-Hoeflichkeit.jpg 200w, https:\/\/www.judo-club-horb.de\/wp-content\/uploads\/2014\/04\/Judowerte-Hoeflichkeit-50x33.jpg 50w\" sizes=\"auto, (max-width: 200px) 100vw, 200px\" \/><\/a><p id=\"caption-attachment-2218\" class=\"wp-caption-text\">Bildquelle: www.judobund.de<br \/>Judowerte &#8211; H\u00f6flichkeit<\/p><\/div>\n<p>&nbsp;<\/p>\n<p><strong>Die moralisch-sittliche Seite<\/strong><br \/>Das zweite Prinzip betrifft die moralisch-sittliche Seite. Das moralische Prinzip vom gegenseitigen Helfen und Verstehen regelt das Verhalten der Judokas auf der Matte untereinander. Judo ohne Partner ist undenkbar! Nur mit einem Partner kann man die verschiedensten Techniken im Stand und der Bodenlage ausf\u00fchren. Daher erscheint es nicht verwunderlich, dass sich die Judokas im Training als auch im Wettkampf st\u00e4ndig zueinander verbeugen. Diese asiatische Gru\u00dfform hat eine tiefere Bedeutung und geh\u00f6rt somit nicht zur sogenannten \u201ebelastenden\u201c Judoetikette.<\/p>\n<p>Der Deutsche Judobund hat vor einigen Jahren eine Sammlung von sogenannten &#8222;Judo-Werten&#8220; in Wort und Bild herausgebracht. Ziel ist es, den Judoka auf diese Art und Weise die moralischen Prinzipien des Judosports zu vermitteln. Folgende Werte sollen im Judo vermittelt werden: Mut, Bescheidenheit, H\u00f6flichkeit, Respekt, Wertsch\u00e4tzung, Ernsthaftigkeit, Ehrlichkeit, Hilfsbereitschaft, Selbstbeherrschung und Freundschaft. Die gesamten Judowerte k\u00f6nnen auch auf der <a href=\"http:\/\/www.wjv.de\/upload\/downloads\/259_1233571706_downloads.pdf\" target=\"_blank\">WJV-Homepage<\/a> angesehen und als PDF-Datei heruntergeladen werden.<\/p>\n<p>&nbsp;<\/p>\n<p><strong>Textquelle: Eggert, Jens <\/strong>\u2013 stellenweise Ausz\u00fcge aus der wissenschaftlichen Hausarbeit &#8222;Judo als Behindertensport&#8220; f\u00fcr das erste Staatsexamen &#8211; Lehramt an Sonderschulen, Dezember 1988<\/p>\n<p><strong>sonstige Quellen:<\/strong><br \/>Hofmann, Wolfgang: Judo \u2013 Grundlagen des Stand- und Bodenkampfes, Niederhausen\/Taunus, 1978<br \/>Kano, Jigoro: in Das Judo-ABC 1984, Budo Verlag Sport Rhode, Dreieich-Sprendlingen 1984, S. 188 ff<br \/>Judo-Magazin, Fachzeitschrift f\u00fcr Budo-Sportarten, offizielles Organ des Deutschen Judobundes e.V. und des Deutschen Dan Kollegiums e.V., Mainz 1987, Heft 1<\/p>\n","protected":false},"excerpt":{"rendered":"<p>P\u00e4dagogische Ziele des Judosports Jigoro Kano legte gro\u00dfen Wert darauf, dass die von ihm aufgestellten Prinzipien im Judo strikt eingehalten wurden. Die Prinzipien bezogen sich zum einen auf den k\u00f6rperlichen Zustand des \u00dcbenden, und zum anderen zu dessen moralisch-sittliche Einstellung. \u201eSeirjoku-zenyo\u201c \u2013 das \u201ePrinzip der gr\u00f6\u00dften Wirksamkeit\u201c f\u00fcr K\u00f6rper und Geist. Der k\u00f6rperliche ZustandDer einzelne [&hellip;]<\/p>\n","protected":false},"author":3,"featured_media":0,"parent":97,"menu_order":7,"comment_status":"closed","ping_status":"closed","template":"","meta":{"footnotes":""},"class_list":["post-2186","page","type-page","status-publish","hentry"],"_links":{"self":[{"href":"https:\/\/www.judo-club-horb.de\/index.php?rest_route=\/wp\/v2\/pages\/2186","targetHints":{"allow":["GET"]}}],"collection":[{"href":"https:\/\/www.judo-club-horb.de\/index.php?rest_route=\/wp\/v2\/pages"}],"about":[{"href":"https:\/\/www.judo-club-horb.de\/index.php?rest_route=\/wp\/v2\/types\/page"}],"author":[{"embeddable":true,"href":"https:\/\/www.judo-club-horb.de\/index.php?rest_route=\/wp\/v2\/users\/3"}],"replies":[{"embeddable":true,"href":"https:\/\/www.judo-club-horb.de\/index.php?rest_route=%2Fwp%2Fv2%2Fcomments&post=2186"}],"version-history":[{"count":11,"href":"https:\/\/www.judo-club-horb.de\/index.php?rest_route=\/wp\/v2\/pages\/2186\/revisions"}],"predecessor-version":[{"id":3321,"href":"https:\/\/www.judo-club-horb.de\/index.php?rest_route=\/wp\/v2\/pages\/2186\/revisions\/3321"}],"up":[{"embeddable":true,"href":"https:\/\/www.judo-club-horb.de\/index.php?rest_route=\/wp\/v2\/pages\/97"}],"wp:attachment":[{"href":"https:\/\/www.judo-club-horb.de\/index.php?rest_route=%2Fwp%2Fv2%2Fmedia&parent=2186"}],"curies":[{"name":"wp","href":"https:\/\/api.w.org\/{rel}","templated":true}]}}