{"id":2195,"date":"2014-04-11T15:38:58","date_gmt":"2014-04-11T13:38:58","guid":{"rendered":"http:\/\/relaunch.judo-club-horb.de\/?page_id=2195"},"modified":"2026-03-29T11:31:56","modified_gmt":"2026-03-29T09:31:56","slug":"die-judo-werte","status":"publish","type":"page","link":"https:\/\/www.judo-club-horb.de\/?page_id=2195","title":{"rendered":"Die Judo-Werte"},"content":{"rendered":"<h2><strong>Die Bedeutung der Judowerte<\/strong><\/h2>\n<p>Der Deutsche Judobund hat vor einigen Jahren zehn Werte vorgestellt, die durch das Judotraining vermittelt werden k\u00f6nnen. Zwischenzeitlich wird im W\u00fcrttembergischen Judoverband im Bereich der Dan-Pr\u00fcfung darauf Wert gelegt, dass angehende Dan-Tr\u00e4ger diese Werte kennen.<\/p>\n<p><strong>Dies sind im Einzelnen:<\/strong><\/p>\n<h3>H\u00f6flichkeit:<\/h3>\n<p>Behandle deine Trainingspartner und Wettkampfgegner wie Freunde. Zeige deinen Respekt gegen\u00fcber jedem Judo-\u00dcbenden durch eine ordentliche Verbeugung.<\/p>\n<h3>Hilfsbereitschaft:<\/h3>\n<p>Hilf deinem Partner, die Techniken korrekt zu erlernen. Sei ein guter Uke. Unterst\u00fctze als H\u00f6her-Graduierter\/Trainings\u00e4lterer die Anf\u00e4nger. Hilf den Neuen, sich in der Gruppe zurecht zu finden.<\/p>\n<h3>Ehrlichkeit:<\/h3>\n<p>K\u00e4mpfe fair, ohne unsportliche Handlungen und ohne Hintergedanken.<\/p>\n<h3>Ernsthaftigkeit:<\/h3>\n<p>Sei bei allen \u00dcbungen und im Wettkampf konzentriert und voll bei der Sache. Entwickle eine positive Trainingseinstellung und \u00fcbe flei\u00dfig.<\/p>\n<h3>Respekt:<\/h3>\n<p>Begegne deinem Lehrer\/deiner Lehrerin und den Trainings\u00e4lteren zuvorkommend. Erkenne die Leistungen derjenigen an, die schon vor Deiner Zeit Judo betrieben haben.<\/p>\n<h3>Bescheidenheit:<\/h3>\n<p>Spiele dich selbst nicht in den Vordergrund. Sprich \u00fcber deinen Erfolg nicht mit \u00dcbertreibung. Orientiere dich an den Besseren und nicht an denen, deren Leistungsstand du bereits erreicht hast.<\/p>\n<h3>Wertsch\u00e4tzung:<\/h3>\n<p>Erkenne die Leistung jedes Anderen an, wenn dieser sich nach seinen M\u00f6glichkeiten ernsthaft anstrengt.<\/p>\n<h3>Mut:<\/h3>\n<p>Nimm im Randori und Wettkampf dein Herz in die Hand. Gib dich niemals auf, auch nicht bei einer drohenden Niederlage oder bei einem scheinbar \u00fcberm\u00e4chtigen Gegner.<\/p>\n<h3>Selbstbeherrschung:<\/h3>\n<p>Achte auf P\u00fcnktlichkeit und Disziplin bei Training und Wettkampf. Verliere auf der Matte nie die Beherrschung, auch nicht bei Situationen, die du als unfair empfindest.<\/p>\n<h3>Freundschaft:<\/h3>\n<p>Achte all diese Werte und alle Menschen. Dann wirst du beim Judo unweigerlich Freunde finden.<\/p>\n<p>Die Judo-Werte, die vom Deutschen Judobund propagiert werden und von den Judoka befolgt werden sollten.<a href=\"https:\/\/www.judo-club-horb.de\/wp-content\/uploads\/2014\/04\/alle_judowerte.jpg\"><img loading=\"lazy\" decoding=\"async\" class=\"alignnone size-full wp-image-2209\" src=\"https:\/\/www.judo-club-horb.de\/wp-content\/uploads\/2014\/04\/alle_judowerte.jpg\" alt=\"alle_judowerte\" width=\"600\" height=\"500\" srcset=\"https:\/\/www.judo-club-horb.de\/wp-content\/uploads\/2014\/04\/alle_judowerte.jpg 600w, https:\/\/www.judo-club-horb.de\/wp-content\/uploads\/2014\/04\/alle_judowerte-320x266.jpg 320w, https:\/\/www.judo-club-horb.de\/wp-content\/uploads\/2014\/04\/alle_judowerte-585x487.jpg 585w, https:\/\/www.judo-club-horb.de\/wp-content\/uploads\/2014\/04\/alle_judowerte-50x41.jpg 50w\" sizes=\"auto, (max-width: 600px) 100vw, 600px\" \/><\/a><\/p>\n<p>Bildquelle: www.judobund.de<\/p>\n","protected":false},"excerpt":{"rendered":"<p>Die Bedeutung der Judowerte Der Deutsche Judobund hat vor einigen Jahren zehn Werte vorgestellt, die durch das Judotraining vermittelt werden k\u00f6nnen. Zwischenzeitlich wird im W\u00fcrttembergischen Judoverband im Bereich der Dan-Pr\u00fcfung darauf Wert gelegt, dass angehende Dan-Tr\u00e4ger diese Werte kennen. Dies sind im Einzelnen: H\u00f6flichkeit: Behandle deine Trainingspartner und Wettkampfgegner wie Freunde. Zeige deinen Respekt gegen\u00fcber [&hellip;]<\/p>\n","protected":false},"author":3,"featured_media":0,"parent":97,"menu_order":1,"comment_status":"closed","ping_status":"closed","template":"","meta":{"footnotes":""},"class_list":["post-2195","page","type-page","status-publish","hentry"],"_links":{"self":[{"href":"https:\/\/www.judo-club-horb.de\/index.php?rest_route=\/wp\/v2\/pages\/2195","targetHints":{"allow":["GET"]}}],"collection":[{"href":"https:\/\/www.judo-club-horb.de\/index.php?rest_route=\/wp\/v2\/pages"}],"about":[{"href":"https:\/\/www.judo-club-horb.de\/index.php?rest_route=\/wp\/v2\/types\/page"}],"author":[{"embeddable":true,"href":"https:\/\/www.judo-club-horb.de\/index.php?rest_route=\/wp\/v2\/users\/3"}],"replies":[{"embeddable":true,"href":"https:\/\/www.judo-club-horb.de\/index.php?rest_route=%2Fwp%2Fv2%2Fcomments&post=2195"}],"version-history":[{"count":6,"href":"https:\/\/www.judo-club-horb.de\/index.php?rest_route=\/wp\/v2\/pages\/2195\/revisions"}],"predecessor-version":[{"id":5420,"href":"https:\/\/www.judo-club-horb.de\/index.php?rest_route=\/wp\/v2\/pages\/2195\/revisions\/5420"}],"up":[{"embeddable":true,"href":"https:\/\/www.judo-club-horb.de\/index.php?rest_route=\/wp\/v2\/pages\/97"}],"wp:attachment":[{"href":"https:\/\/www.judo-club-horb.de\/index.php?rest_route=%2Fwp%2Fv2%2Fmedia&parent=2195"}],"curies":[{"name":"wp","href":"https:\/\/api.w.org\/{rel}","templated":true}]}}