{"id":2197,"date":"2014-04-11T15:39:49","date_gmt":"2014-04-11T13:39:49","guid":{"rendered":"http:\/\/relaunch.judo-club-horb.de\/?page_id=2197"},"modified":"2026-03-29T11:34:11","modified_gmt":"2026-03-29T09:34:11","slug":"judo-anwendungsmoeglichkeiten","status":"publish","type":"page","link":"https:\/\/www.judo-club-horb.de\/?page_id=2197","title":{"rendered":"Judo &#8211; Anwendungsm\u00f6glichkeiten"},"content":{"rendered":"<div id=\"page\">\n<p>Der Vorteil des Judo ist, dass jeder f\u00fcr sich entscheiden kann, wie er diese Sportart ausf\u00fchren will.<\/p>\n<p>Je nach Interesse gibt es mehrere M\u00f6glichkeiten:<\/p>\n<p><a href=\"https:\/\/www.judo-club-horb.de\/wp-content\/uploads\/2014\/04\/Startbild02.jpg\"><img loading=\"lazy\" decoding=\"async\" class=\" wp-image-2139 alignleft\" src=\"https:\/\/www.judo-club-horb.de\/wp-content\/uploads\/2014\/04\/Startbild02.jpg\" alt=\"Startbild02\" width=\"348\" height=\"231\" srcset=\"https:\/\/www.judo-club-horb.de\/wp-content\/uploads\/2014\/04\/Startbild02.jpg 580w, https:\/\/www.judo-club-horb.de\/wp-content\/uploads\/2014\/04\/Startbild02-320x212.jpg 320w, https:\/\/www.judo-club-horb.de\/wp-content\/uploads\/2014\/04\/Startbild02-50x33.jpg 50w\" sizes=\"auto, (max-width: 348px) 100vw, 348px\" \/><\/a><\/p>\n<p><strong>Judo als Breitensport:<\/strong> Seit vielen Jahren bietet der Judo Club Horb den Interessenten an, Judo als Breitensport zu betreiben. Der Vorteil liegt darin, dass zwischenzeitlich viele Eltern bei den Anf\u00e4ngerkursen der Kinder das Angebot annehmen zusammen mit ihren Kindern Judo zu erlernen. Pro Kind darf ein Elternteil am Anf\u00e4ngerkurs umsonst teilnehmen. Der erfreuliche Effekt ist, dass pro Kurs ca. 2 bis 4 Eltern so viel Sap\u00df am Judo gefunden haben, dass diese diesen Sport als regelm\u00e4\u00dfige Freizeitsportart nutzen. Auch viele Kinder betreiben Judo anfangs als reinen Freizeitsport. Ihre Erfolge im Judo sehen die Breitensportler darin, sich in regelm\u00e4\u00dfigen Abst\u00e4nden G\u00fcrtelpr\u00fcfungen zu stellen und einfach Spa\u00df an der Bewegung und den \u00dcbungsk\u00e4mpfen auf der Matte zu haben.<\/p>\n<p><a href=\"https:\/\/www.judo-club-horb.de\/wp-content\/uploads\/2014\/04\/Startbild08.jpg\"><img loading=\"lazy\" decoding=\"async\" class=\" wp-image-2145 alignleft\" src=\"https:\/\/www.judo-club-horb.de\/wp-content\/uploads\/2014\/04\/Startbild08.jpg\" alt=\"Startbild08\" width=\"348\" height=\"231\" srcset=\"https:\/\/www.judo-club-horb.de\/wp-content\/uploads\/2014\/04\/Startbild08.jpg 580w, https:\/\/www.judo-club-horb.de\/wp-content\/uploads\/2014\/04\/Startbild08-320x212.jpg 320w, https:\/\/www.judo-club-horb.de\/wp-content\/uploads\/2014\/04\/Startbild08-50x33.jpg 50w\" sizes=\"auto, (max-width: 348px) 100vw, 348px\" \/><\/a><\/p>\n<p><strong>Judo als Wettkampfsport: <\/strong>Viele Judoka finden fr\u00fcher oder sp\u00e4ter auch den Weg zum Wettkampfjudo. Im Gegensatz zu den Breitensportlern gen\u00fcgt ihnen nicht nur die Teilnahme am regelm\u00e4\u00dfigen Training und das Ablegen von G\u00fcrtelpr\u00fcfungen. Sie wollen sich bei offiziellen Wettk\u00e4mpfen mit anderen messen um festzustellen, ob ihre erlernten Techniken auch im Kampf erfolgreich durchgesetzt werden k\u00f6nnen.<\/p>\n<p><a href=\"https:\/\/www.judo-club-horb.de\/wp-content\/uploads\/2014\/04\/Startbild14.jpg\"><img loading=\"lazy\" decoding=\"async\" class=\" wp-image-2149 alignleft\" src=\"https:\/\/www.judo-club-horb.de\/wp-content\/uploads\/2014\/04\/Startbild14.jpg\" alt=\"Startbild14\" width=\"348\" height=\"231\" srcset=\"https:\/\/www.judo-club-horb.de\/wp-content\/uploads\/2014\/04\/Startbild14.jpg 580w, https:\/\/www.judo-club-horb.de\/wp-content\/uploads\/2014\/04\/Startbild14-320x212.jpg 320w, https:\/\/www.judo-club-horb.de\/wp-content\/uploads\/2014\/04\/Startbild14-50x33.jpg 50w\" sizes=\"auto, (max-width: 348px) 100vw, 348px\" \/><\/a><\/p>\n<p><strong>Judo als Selbstverteidigung:<\/strong> Im Gegensatz zu anderen asiatischen Kampfsportarten wurden urspr\u00fcnglich von Jigroro Kano alle gef\u00e4hrlichen Schlag- und Sto\u00dftechniken aus der neuen Sportart Judo herausgenommen, um die Verletzungsgefahr zu minimieren. Zwischenzeitlich hat der Deutsche Judobund mit der \u00fcberarbeiteten Pr\u00fcfungsordnung f\u00fcr Kyugrade (brauner G\u00fcrtel) und Dan-Grade wieder Elemente der Selbstverteidigung mit ins Pr\u00fcfungsprogramm aufgenommen.<\/p>\n<\/div>\n","protected":false},"excerpt":{"rendered":"<p>Der Vorteil des Judo ist, dass jeder f\u00fcr sich entscheiden kann, wie er diese Sportart ausf\u00fchren will. Je nach Interesse gibt es mehrere M\u00f6glichkeiten: Judo als Breitensport: Seit vielen Jahren bietet der Judo Club Horb den Interessenten an, Judo als Breitensport zu betreiben. Der Vorteil liegt darin, dass zwischenzeitlich viele Eltern bei den Anf\u00e4ngerkursen der [&hellip;]<\/p>\n","protected":false},"author":3,"featured_media":0,"parent":97,"menu_order":4,"comment_status":"closed","ping_status":"closed","template":"","meta":{"footnotes":""},"class_list":["post-2197","page","type-page","status-publish","hentry"],"_links":{"self":[{"href":"https:\/\/www.judo-club-horb.de\/index.php?rest_route=\/wp\/v2\/pages\/2197","targetHints":{"allow":["GET"]}}],"collection":[{"href":"https:\/\/www.judo-club-horb.de\/index.php?rest_route=\/wp\/v2\/pages"}],"about":[{"href":"https:\/\/www.judo-club-horb.de\/index.php?rest_route=\/wp\/v2\/types\/page"}],"author":[{"embeddable":true,"href":"https:\/\/www.judo-club-horb.de\/index.php?rest_route=\/wp\/v2\/users\/3"}],"replies":[{"embeddable":true,"href":"https:\/\/www.judo-club-horb.de\/index.php?rest_route=%2Fwp%2Fv2%2Fcomments&post=2197"}],"version-history":[{"count":6,"href":"https:\/\/www.judo-club-horb.de\/index.php?rest_route=\/wp\/v2\/pages\/2197\/revisions"}],"predecessor-version":[{"id":5421,"href":"https:\/\/www.judo-club-horb.de\/index.php?rest_route=\/wp\/v2\/pages\/2197\/revisions\/5421"}],"up":[{"embeddable":true,"href":"https:\/\/www.judo-club-horb.de\/index.php?rest_route=\/wp\/v2\/pages\/97"}],"wp:attachment":[{"href":"https:\/\/www.judo-club-horb.de\/index.php?rest_route=%2Fwp%2Fv2%2Fmedia&parent=2197"}],"curies":[{"name":"wp","href":"https:\/\/api.w.org\/{rel}","templated":true}]}}