{"id":2199,"date":"2014-04-11T15:40:40","date_gmt":"2014-04-11T13:40:40","guid":{"rendered":"http:\/\/relaunch.judo-club-horb.de\/?page_id=2199"},"modified":"2026-03-29T11:30:47","modified_gmt":"2026-03-29T09:30:47","slug":"guertelfarben-im-judo","status":"publish","type":"page","link":"https:\/\/www.judo-club-horb.de\/?page_id=2199","title":{"rendered":"G\u00fcrtelfarben im Judo"},"content":{"rendered":"<p>Wie in vielen anderen asiatischen Kampfsportarten gibt es auch im Judo farbige G\u00fcrtel, die die Teilnehmer um den Bauch gebunden haben. Der G\u00fcrtel, im japanischen &#8222;Obi&#8220; genannt, soll in erster Linie die Judojacke zusammenhalten. Ein Judoanzug, &#8222;Judogi&#8220; genannt, wird aus rei\u00dffester Baumwolle hergestellt.<\/p>\n<p>Anf\u00e4nger beginnen immer mit dem wei\u00dfen G\u00fcrtel. Nach einer Vorbereitungszeit von etwa sechs Monaten kann man eine G\u00fcrtelpr\u00fcfung ablegen, bei der man ein bestimmtes Programm zeigen muss. Hat der Pr\u00fcfling alles geschafft, darf er den ersten farbigen G\u00fcrtel tragen.<\/p>\n<p>Je dunkler die G\u00fcrtelfarbe ist, desto h\u00f6her ist der Leistungsstand des Judoka. Die Reihenfolge der farbigen G\u00fcrtel lautet:<\/p>\n<table style=\"background-color: #fae704; width: 100%;\" border=\"1\">\n<tbody>\n<tr style=\"background-color: #f9c405;\">\n<td><center>wei\u00df\u00a0\u00a0 wei\u00df-gelb\u00a0\u00a0 gelb\u00a0\u00a0 gelb-orange\u00a0\u00a0 orange<br \/>\norange-gr\u00fcn\u00a0\u00a0 gr\u00fcn\u00a0\u00a0 blau\u00a0\u00a0 braun\u00a0\u00a0 schwarz<\/center><\/td>\n<\/tr>\n<\/tbody>\n<\/table>\n<p><a href=\"https:\/\/www.judo-club-horb.de\/wp-content\/uploads\/2014\/04\/guertelkreis.jpg\"><img loading=\"lazy\" decoding=\"async\" class=\"size-full wp-image-2213 alignleft\" src=\"https:\/\/www.judo-club-horb.de\/wp-content\/uploads\/2014\/04\/guertelkreis.jpg\" alt=\"guertelkreis\" width=\"276\" height=\"269\" srcset=\"https:\/\/www.judo-club-horb.de\/wp-content\/uploads\/2014\/04\/guertelkreis.jpg 276w, https:\/\/www.judo-club-horb.de\/wp-content\/uploads\/2014\/04\/guertelkreis-50x50.jpg 50w\" sizes=\"auto, (max-width: 276px) 100vw, 276px\" \/><\/a><\/p>\n<p>Bei den G\u00fcrtelfarben von wei\u00df bis braun spricht man von den sogenannten Sch\u00fclergraden (Kyu-Grade). Mit dem schwarzen G\u00fcrtel beginnt der Kreis der Meistergrade (Dan-Grade). Im Judo kann man Pr\u00fcfungen zu sechs Dan-Graden ablegen. Seit 2024 kann man auch die Pr\u00fcfung zum sechsten Dan ablegen. Ansonsten werden diese Dan-Grade (rot-wei\u00df und rot) f\u00fcr besondere Verdienste und Leistungen im Judosport verliehen.<\/p>\n","protected":false},"excerpt":{"rendered":"<p>Wie in vielen anderen asiatischen Kampfsportarten gibt es auch im Judo farbige G\u00fcrtel, die die Teilnehmer um den Bauch gebunden haben. Der G\u00fcrtel, im japanischen &#8222;Obi&#8220; genannt, soll in erster Linie die Judojacke zusammenhalten. Ein Judoanzug, &#8222;Judogi&#8220; genannt, wird aus rei\u00dffester Baumwolle hergestellt. Anf\u00e4nger beginnen immer mit dem wei\u00dfen G\u00fcrtel. Nach einer Vorbereitungszeit von etwa [&hellip;]<\/p>\n","protected":false},"author":3,"featured_media":0,"parent":97,"menu_order":3,"comment_status":"closed","ping_status":"closed","template":"","meta":{"footnotes":""},"class_list":["post-2199","page","type-page","status-publish","hentry"],"_links":{"self":[{"href":"https:\/\/www.judo-club-horb.de\/index.php?rest_route=\/wp\/v2\/pages\/2199","targetHints":{"allow":["GET"]}}],"collection":[{"href":"https:\/\/www.judo-club-horb.de\/index.php?rest_route=\/wp\/v2\/pages"}],"about":[{"href":"https:\/\/www.judo-club-horb.de\/index.php?rest_route=\/wp\/v2\/types\/page"}],"author":[{"embeddable":true,"href":"https:\/\/www.judo-club-horb.de\/index.php?rest_route=\/wp\/v2\/users\/3"}],"replies":[{"embeddable":true,"href":"https:\/\/www.judo-club-horb.de\/index.php?rest_route=%2Fwp%2Fv2%2Fcomments&post=2199"}],"version-history":[{"count":7,"href":"https:\/\/www.judo-club-horb.de\/index.php?rest_route=\/wp\/v2\/pages\/2199\/revisions"}],"predecessor-version":[{"id":5419,"href":"https:\/\/www.judo-club-horb.de\/index.php?rest_route=\/wp\/v2\/pages\/2199\/revisions\/5419"}],"up":[{"embeddable":true,"href":"https:\/\/www.judo-club-horb.de\/index.php?rest_route=\/wp\/v2\/pages\/97"}],"wp:attachment":[{"href":"https:\/\/www.judo-club-horb.de\/index.php?rest_route=%2Fwp%2Fv2%2Fmedia&parent=2199"}],"curies":[{"name":"wp","href":"https:\/\/api.w.org\/{rel}","templated":true}]}}