{"id":2418,"date":"2014-04-19T17:16:12","date_gmt":"2014-04-19T15:16:12","guid":{"rendered":"http:\/\/relaunch.judo-club-horb.de\/?page_id=2418"},"modified":"2026-02-25T13:40:51","modified_gmt":"2026-02-25T11:40:51","slug":"downloads","status":"publish","type":"page","link":"https:\/\/www.judo-club-horb.de\/?page_id=2418","title":{"rendered":"Downloads"},"content":{"rendered":"<p>Als besonderen Service f\u00fcr die Besucher unserer Homepage bieten wir hier verschiedene Dokumente zum freien Download an.<\/p>\n<p><strong>Satzung des Vereins (Stand 20.03.2023)<\/strong> <a href=\"http:\/\/www.judo-club-horb.de\/wp-content\/uploads\/2023\/09\/6-Satzung-10.03.2023.pdf\" target=\"_blank\" rel=\"noopener\">6 &#8211; Satzung 10.03.2023<\/a><\/p>\n<table style=\"width: 69.6447%; height: 990px;\" border=\"0\">\n<tbody>\n<tr style=\"height: 46px;\">\n<td style=\"width: 1.02564%; height: 46px;\">\u00a0<\/td>\n<td style=\"background-color: #f5d742; width: 96.0684%; height: 46px;\"><strong>Aufnahmeantrag des Judo Club Horb<br \/>Bitte den Link kopieren und in einem neuen Tab \u00f6ffnen.<\/strong><\/td>\n<td style=\"width: 1.02564%; height: 46px;\">\u00a0<\/td>\n<\/tr>\n<tr style=\"height: 46px;\">\n<td style=\"width: 1.02564%; height: 46px;\">\u00a0<\/td>\n<td style=\"width: 96.0684%; height: 46px;\"><strong> http:\/\/www.judo-club-horb.de\/wp-content\/uploads\/2025\/06\/Aufnahmeantrag-2025-Maerz-SEPA-inkl.-Datenschutzhinweise-2.pdf<\/strong><\/td>\n<td style=\"width: 1.02564%; height: 46px;\">\u00a0<\/td>\n<\/tr>\n<tr style=\"height: 23px;\">\n<td style=\"width: 1.02564%; height: 23px;\">\u00a0<\/td>\n<td style=\"width: 96.0684%; height: 23px;\">\u00a0<\/td>\n<td style=\"width: 1.02564%; height: 23px;\">\u00a0<\/td>\n<\/tr>\n<tr style=\"height: 23px;\">\n<td style=\"width: 1.02564%; height: 23px;\">\u00a0<\/td>\n<td style=\"width: 96.0684%; height: 23px;\"><strong>Judo-Anf\u00e4ngerkurs<\/strong><\/td>\n<td style=\"width: 1.02564%; height: 23px;\">\u00a0<\/td>\n<\/tr>\n<tr style=\"height: 23px;\">\n<td style=\"width: 1.02564%; height: 23px;\">\u00a0<\/td>\n<td style=\"width: 96.0684%; height: 23px;\">https:\/\/www.judo-club-horb.de\/wp-content\/uploads\/2025\/11\/2026-AFK-Anmeldezettel-erstes-Halbjahr-1.pdf<\/td>\n<td style=\"width: 1.02564%; height: 23px;\">\u00a0<\/td>\n<\/tr>\n<tr style=\"height: 23px;\">\n<td style=\"width: 1.02564%; height: 23px;\">\u00a0<\/td>\n<td style=\"width: 96.0684%; height: 23px;\">\u00a0<\/td>\n<td style=\"width: 1.02564%; height: 23px;\">\u00a0<\/td>\n<\/tr>\n<tr style=\"height: 23px;\">\n<td style=\"width: 1.02564%; height: 23px;\">\u00a0<\/td>\n<td style=\"width: 96.0684%; height: 23px;\">\u00a0<\/td>\n<td style=\"width: 1.02564%; height: 23px;\">\u00a0<\/td>\n<\/tr>\n<tr style=\"height: 70px;\">\n<td style=\"width: 1.02564%; height: 70px;\">\u00a0<\/td>\n<td style=\"background-color: #f7f00c; width: 96.0684%; height: 70px;\"><strong>Material f\u00fcr G\u00fcrtelpr\u00fcfungen<br \/>Die neuen Infozettel mit den neuen Pr\u00fcfungsinhalten werden bis\u00a0 Mitte Januar auf dieser Homepage verf\u00fcgbar sein.<br \/><\/strong><\/td>\n<td style=\"width: 1.02564%; height: 70px;\">\u00a0<\/td>\n<\/tr>\n<tr style=\"height: 23px;\">\n<td style=\"width: 1.02564%; height: 23px;\">\u00a0<\/td>\n<td style=\"width: 96.0684%; height: 23px;\"><a href=\"http:\/\/www.judo-club-horb.de\/wp-content\/uploads\/2023\/01\/\u00dcbersicht-Grundprogramm-Stand-Boden-8.-bis-4.-Kyu.pdf\" target=\"_blank\" rel=\"noopener\">\u00dcbersicht &#8211; Grundprogramm Stand-Boden 8. bis 4. Kyu<\/a><\/td>\n<td style=\"width: 1.02564%; height: 23px;\">\u00a0<\/td>\n<\/tr>\n<tr style=\"height: 23px;\">\n<td style=\"width: 1.02564%; height: 23px;\">\u00a0<\/td>\n<td style=\"width: 96.0684%; height: 23px;\"><a href=\"http:\/\/www.judo-club-horb.de\/wp-content\/uploads\/2023\/01\/\u00dcbersicht-Erweiterungsprogramm-auf-gr\u00fcn.pdf\" target=\"_blank\" rel=\"noopener\">\u00dcbersicht &#8211; Erweiterungsprogramm auf gr\u00fcn<\/a><\/td>\n<td style=\"width: 1.02564%; height: 23px;\">\u00a0<\/td>\n<\/tr>\n<tr style=\"height: 23px;\">\n<td style=\"width: 1.02564%; height: 23px;\">\u00a0<\/td>\n<td style=\"width: 96.0684%; height: 23px;\"><a href=\"http:\/\/www.judo-club-horb.de\/wp-content\/uploads\/2024\/03\/2024-Karten-Grundprogramm-Stand-und-Boden.pdf\" target=\"_blank\" rel=\"noopener\">2024 Karten Grundprogramm Stand und Boden<\/a><\/td>\n<td style=\"width: 1.02564%; height: 23px;\">\u00a0<\/td>\n<\/tr>\n<tr style=\"height: 23px;\">\n<td style=\"width: 1.02564%; height: 23px;\">\u00a0<\/td>\n<td style=\"width: 96.0684%; height: 23px;\"><a href=\"http:\/\/www.judo-club-horb.de\/wp-content\/uploads\/2024\/03\/2024-Karten-Erweiterungsprogramm-Stand-und-Boden-gr\u00fcn-bis-braun.pdf\" target=\"_blank\" rel=\"noopener\">2024 Karten Erweiterungsprogramm Stand und Boden gr\u00fcn bis braun<\/a><\/td>\n<td style=\"width: 1.02564%; height: 23px;\">\u00a0<\/td>\n<\/tr>\n<tr style=\"height: 23px;\">\n<td style=\"width: 1.02564%; height: 23px;\">\u00a0<\/td>\n<td style=\"width: 96.0684%; height: 23px;\"><a href=\"http:\/\/www.judo-club-horb.de\/wp-content\/uploads\/2024\/03\/2024-Karten-Dan-Anw\u00e4rter.pdf\" target=\"_blank\" rel=\"noopener\">2024 Karten Dan-Anw\u00e4rter<\/a><\/td>\n<td style=\"width: 1.02564%; height: 23px;\">\u00a0<\/td>\n<\/tr>\n<tr style=\"height: 23px;\">\n<td style=\"width: 1.02564%; height: 23px;\">\u00a0<\/td>\n<td style=\"width: 96.0684%; height: 23px;\"><strong>Vorpr\u00fcfungszettel zum Abhaken aller gezeigten Techniken<\/strong><\/td>\n<td style=\"width: 1.02564%; height: 23px;\">\u00a0<\/td>\n<\/tr>\n<tr style=\"height: 23px;\">\n<td style=\"width: 1.02564%; height: 23px;\">\u00a0<\/td>\n<td style=\"width: 96.0684%; height: 23px;\"><a href=\"http:\/\/www.judo-club-horb.de\/wp-content\/uploads\/2023\/01\/7-Kyu-gelb-2022-09-11.pdf\" target=\"_blank\" rel=\"noopener\">7 Kyu gelb 2022-09-11<\/a><\/td>\n<td style=\"width: 1.02564%; height: 23px;\">\u00a0<\/td>\n<\/tr>\n<tr style=\"height: 23px;\">\n<td style=\"width: 1.02564%; height: 23px;\">\u00a0<\/td>\n<td style=\"width: 96.0684%; height: 23px;\"><a href=\"http:\/\/www.judo-club-horb.de\/wp-content\/uploads\/2023\/01\/6-Kyu-gelb-orange-2022-09-11.pdf\" target=\"_blank\" rel=\"noopener\">6 Kyu gelb-orange 2022-09-11<\/a><\/td>\n<td style=\"width: 1.02564%; height: 23px;\">\u00a0<\/td>\n<\/tr>\n<tr style=\"height: 23px;\">\n<td style=\"width: 1.02564%; height: 23px;\">\u00a0<\/td>\n<td style=\"width: 96.0684%; height: 23px;\"><a href=\"http:\/\/www.judo-club-horb.de\/wp-content\/uploads\/2023\/01\/5-Kyu-orange-2022-09-11.pdf\" target=\"_blank\" rel=\"noopener\">5 Kyu orange 2022-09-11<\/a><\/td>\n<td style=\"width: 1.02564%; height: 23px;\">\u00a0<\/td>\n<\/tr>\n<tr style=\"height: 23px;\">\n<td style=\"width: 1.02564%; height: 23px;\">\u00a0<\/td>\n<td style=\"width: 96.0684%; height: 23px;\"><a href=\"http:\/\/www.judo-club-horb.de\/wp-content\/uploads\/2023\/01\/4-Kyu-orange-gr\u00fcn-2022-09-11.pdf\" target=\"_blank\" rel=\"noopener\">4 Kyu orange-gr\u00fcn 2022-09-11<\/a><\/td>\n<td style=\"width: 1.02564%; height: 23px;\">\u00a0<\/td>\n<\/tr>\n<tr style=\"height: 23px;\">\n<td style=\"width: 1.02564%; height: 23px;\">\u00a0<\/td>\n<td style=\"width: 96.0684%; height: 23px;\"><a href=\"http:\/\/www.judo-club-horb.de\/wp-content\/uploads\/2023\/01\/3-Kyu-gr\u00fcn-2022-09-11.pdf\" target=\"_blank\" rel=\"noopener\">3 Kyu gr\u00fcn 2022-09-11<\/a><\/td>\n<td style=\"width: 1.02564%; height: 23px;\">\u00a0<\/td>\n<\/tr>\n<tr style=\"height: 23px;\">\n<td style=\"width: 1.02564%; height: 23px;\">\u00a0<\/td>\n<td style=\"width: 96.0684%; height: 23px;\"><a href=\"http:\/\/www.judo-club-horb.de\/wp-content\/uploads\/2023\/01\/2-Kyu-blau-2022-09-11.pdf\" target=\"_blank\" rel=\"noopener\">2 Kyu blau 2022-09-11<\/a><\/td>\n<td style=\"width: 1.02564%; height: 23px;\">\u00a0<\/td>\n<\/tr>\n<tr style=\"height: 23px;\">\n<td style=\"width: 1.02564%; height: 23px;\">\u00a0<\/td>\n<td style=\"width: 96.0684%; height: 23px;\"><a href=\"http:\/\/www.judo-club-horb.de\/wp-content\/uploads\/2023\/01\/1-Kyu-braun-2022-10-05.pdf\" target=\"_blank\" rel=\"noopener\">1 Kyu braun 2022-10-05<\/a><\/td>\n<td style=\"width: 1.02564%; height: 23px;\">\u00a0<\/td>\n<\/tr>\n<tr style=\"height: 23px;\">\n<td style=\"width: 1.02564%; height: 23px;\">\u00a0<\/td>\n<td style=\"width: 96.0684%; height: 23px;\">\u00a0<\/td>\n<td style=\"width: 1.02564%; height: 23px;\">\u00a0<\/td>\n<\/tr>\n<tr style=\"height: 23px;\">\n<td style=\"width: 1.02564%; height: 23px;\">\u00a0<\/td>\n<td style=\"width: 96.0684%; height: 23px;\">Abhakliste f\u00fcr das Programm zum 1. Dan<\/td>\n<td style=\"width: 1.02564%; height: 23px;\">\u00a0<\/td>\n<\/tr>\n<tr style=\"height: 46px;\">\n<td style=\"width: 1.02564%; height: 46px;\">\u00a0<\/td>\n<td style=\"width: 96.0684%; height: 46px;\"><a href=\"http:\/\/www.judo-club-horb.de\/wp-content\/uploads\/2024\/05\/Vorbereitungsblatt-zum-1-Dan-mit-Raum-f\u00fcr-Notizen-NEU-2024-05-03.pdf\" target=\"_blank\" rel=\"noopener\">Vorbereitungsblatt zum 1 Dan &#8211; mit Raum f\u00fcr Notizen NEU 2024-05-03<\/a><\/td>\n<td style=\"width: 1.02564%; height: 46px;\">\u00a0<\/td>\n<\/tr>\n<tr style=\"height: 23px;\">\n<td style=\"width: 1.02564%; height: 23px;\">\u00a0<\/td>\n<td style=\"width: 96.0684%; height: 23px;\">\u00a0<\/td>\n<td style=\"width: 1.02564%; height: 23px;\">\u00a0<\/td>\n<\/tr>\n<tr style=\"height: 23px;\">\n<td style=\"width: 1.02564%; height: 23px;\">\u00a0<\/td>\n<td style=\"width: 96.0684%; height: 23px;\">\u00dcbersichtskarte \u00fcber alle Bodentechniken\u00a0\u00a0\u00a0\u00a0\u00a0 <a href=\"https:\/\/www.judo-club-horb.de\/wp-content\/uploads\/2014\/04\/Bodentechniksammlung.pdf\" target=\"_blank\" rel=\"noopener noreferrer\">Bodentechniksammlung<\/a><\/td>\n<td style=\"width: 1.02564%; height: 23px;\">\u00a0<\/td>\n<\/tr>\n<tr style=\"height: 23px;\">\n<td style=\"width: 1.02564%; height: 23px;\">\u00a0<\/td>\n<td style=\"width: 96.0684%; height: 23px;\">\u00dcbersichtskarte \u00fcber alle Standtechniken\u00a0\u00a0\u00a0\u00a0\u00a0\u00a0 <a href=\"https:\/\/www.judo-club-horb.de\/wp-content\/uploads\/2014\/04\/Wurftechniksammlung.pdf\" target=\"_blank\" rel=\"noopener noreferrer\">Wurftechniksammlung<\/a><\/td>\n<td style=\"width: 1.02564%; height: 23px;\">\u00a0<\/td>\n<\/tr>\n<tr style=\"height: 23px;\">\n<td style=\"width: 1.02564%; height: 23px;\">\u00a0<\/td>\n<td style=\"width: 96.0684%; height: 23px;\">\u00a0<\/td>\n<td style=\"width: 1.02564%; height: 23px;\">\u00a0<\/td>\n<\/tr>\n<tr style=\"height: 23px;\">\n<td style=\"width: 1.02564%; height: 23px;\">\u00a0<\/td>\n<td style=\"width: 96.0684%; height: 23px;\">\u00a0<\/td>\n<td style=\"width: 1.02564%; height: 23px;\">\u00a0<\/td>\n<\/tr>\n<tr style=\"height: 46px;\">\n<td style=\"width: 1.02564%; height: 46px;\">\u00a0<\/td>\n<td style=\"width: 96.0684%; height: 46px;\"><strong>Formulare des DJB zur Beantragung der Wettkampflizenz, die ab Landesebene und U17 f\u00fcr Athleten verpflichtend sind.<\/strong><\/td>\n<td style=\"width: 1.02564%; height: 46px;\">\u00a0<\/td>\n<\/tr>\n<tr style=\"height: 23px;\">\n<td style=\"width: 1.02564%; height: 23px;\">\u00a0<\/td>\n<td style=\"width: 96.0684%; height: 23px;\">Antidopingerkl\u00e4rung des DJB\u00a0\u00a0\u00a0\u00a0\u00a0\u00a0\u00a0\u00a0\u00a0\u00a0\u00a0\u00a0\u00a0\u00a0\u00a0\u00a0\u00a0\u00a0\u00a0\u00a0\u00a0\u00a0 <a href=\"https:\/\/www.judo-club-horb.de\/wp-content\/uploads\/2014\/04\/Anti-Doping-Erklaerung.doc\" target=\"_blank\" rel=\"noopener noreferrer\">Anti-Doping-Erklaerung<\/a><\/td>\n<td style=\"width: 1.02564%; height: 23px;\">\u00a0<\/td>\n<\/tr>\n<tr style=\"height: 23px;\">\n<td style=\"width: 1.02564%; height: 23px;\">\u00a0<\/td>\n<td style=\"width: 96.0684%; height: 23px;\"><span class=\"jce_file\">Datenschutzerkl\u00e4rung des DJB \u00a0 \u00a0 \u00a0 \u00a0 \u00a0 \u00a0 \u00a0 \u00a0 \u00a0\u00a0 <a href=\"https:\/\/www.judo-club-horb.de\/wp-content\/uploads\/2014\/04\/Datenschutzerklaerung.doc\" target=\"_blank\" rel=\"noopener noreferrer\">Datenschutzerklaerung<\/a><\/span><\/td>\n<td style=\"width: 1.02564%; height: 23px;\">\u00a0<\/td>\n<\/tr>\n<tr style=\"height: 23px;\">\n<td style=\"width: 1.02564%; height: 23px;\">\u00a0<\/td>\n<td style=\"width: 96.0684%; height: 23px;\">Schiedsvereinbarung des DJB\u00a0\u00a0\u00a0\u00a0\u00a0\u00a0\u00a0\u00a0\u00a0\u00a0\u00a0\u00a0\u00a0\u00a0\u00a0\u00a0\u00a0\u00a0\u00a0\u00a0 <a href=\"https:\/\/www.judo-club-horb.de\/wp-content\/uploads\/2014\/04\/Schiedsvereinbarung.doc\" target=\"_blank\" rel=\"noopener noreferrer\">Schiedsvereinbarung<\/a><\/td>\n<td style=\"width: 1.02564%; height: 23px;\">\u00a0<\/td>\n<\/tr>\n<tr style=\"height: 46px;\">\n<td style=\"width: 1.02564%; height: 46px;\">\u00a0<\/td>\n<td style=\"width: 96.0684%; height: 46px;\"><a href=\"https:\/\/portal.judobund.de\/athlete\/registrations\/new\" target=\"_blank\" rel=\"noopener noreferrer\">Link zum Judoportal<\/a> des DJB zwecks Anforderung einer Wettkampflizenz<\/td>\n<td style=\"width: 1.02564%; height: 46px;\">\u00a0<\/td>\n<\/tr>\n<tr style=\"height: 23px;\">\n<td style=\"width: 1.02564%; height: 23px;\">\u00a0<\/td>\n<td style=\"width: 96.0684%; height: 23px;\"><a href=\"http:\/\/www.judobund.de\/media\/2012\/Portal\/Judo-Portal-Wettkampflizenz.pdf\" target=\"_blank\" rel=\"noopener noreferrer\">Link: Info des DJB zum Thema Wettkampflizenz<\/a><\/td>\n<td style=\"width: 1.02564%; height: 23px;\">\u00a0<\/td>\n<\/tr>\n<tr style=\"height: 23px;\">\n<td style=\"width: 1.02564%; height: 23px;\">\u00a0<\/td>\n<td style=\"width: 96.0684%; height: 23px;\">\u00a0<\/td>\n<td style=\"width: 1.02564%; height: 23px;\">\u00a0<\/td>\n<\/tr>\n<\/tbody>\n<\/table>\n\n\n<div data-wp-interactive=\"core\/file\" class=\"wp-block-file\"><object data-wp-bind--hidden=\"!state.hasPdfPreview\" hidden class=\"wp-block-file__embed\" data=\"https:\/\/www.judo-club-horb.de\/wp-content\/uploads\/2026\/02\/Aufnahmeantrag-2025-Maerz-SEPA-inkl.-Datenschutzhinweise.pdf\" type=\"application\/pdf\" style=\"width:100%;height:600px\" aria-label=\"Einbettung von Aufnahmeantrag 2025 M\u00e4rz SEPA inkl. Datenschutzhinweise.\"><\/object><a id=\"wp-block-file--media-33ffab9b-e5fe-496a-9fac-40c1e1191d02\" href=\"https:\/\/www.judo-club-horb.de\/wp-content\/uploads\/2026\/02\/Aufnahmeantrag-2025-Maerz-SEPA-inkl.-Datenschutzhinweise.pdf\">Aufnahmeantrag 2025 M\u00e4rz SEPA inkl. Datenschutzhinweise<\/a><a href=\"https:\/\/www.judo-club-horb.de\/wp-content\/uploads\/2026\/02\/Aufnahmeantrag-2025-Maerz-SEPA-inkl.-Datenschutzhinweise.pdf\" class=\"wp-block-file__button wp-element-button\" download aria-describedby=\"wp-block-file--media-33ffab9b-e5fe-496a-9fac-40c1e1191d02\">Herunterladen<\/a><\/div>\n\n\n\n<div data-wp-interactive=\"core\/file\" class=\"wp-block-file\"><object data-wp-bind--hidden=\"!state.hasPdfPreview\" hidden class=\"wp-block-file__embed\" data=\"https:\/\/www.judo-club-horb.de\/wp-content\/uploads\/2025\/11\/2026-AFK-Anmeldezettel-erstes-Halbjahr-1.pdf\" type=\"application\/pdf\" style=\"width:100%;height:600px\" aria-label=\"Einbettung von 2026 AFK-Anmeldezettel erstes Halbjahr.\"><\/object><a id=\"wp-block-file--media-f8279045-e0b8-4c26-9212-9258409928c2\" href=\"https:\/\/www.judo-club-horb.de\/wp-content\/uploads\/2025\/11\/2026-AFK-Anmeldezettel-erstes-Halbjahr-1.pdf\">2026 AFK-Anmeldezettel erstes Halbjahr<\/a><a href=\"https:\/\/www.judo-club-horb.de\/wp-content\/uploads\/2025\/11\/2026-AFK-Anmeldezettel-erstes-Halbjahr-1.pdf\" class=\"wp-block-file__button wp-element-button\" download aria-describedby=\"wp-block-file--media-f8279045-e0b8-4c26-9212-9258409928c2\">Herunterladen<\/a><\/div>\n","protected":false},"excerpt":{"rendered":"<p>Als besonderen Service f\u00fcr die Besucher unserer Homepage bieten wir hier verschiedene Dokumente zum freien Download an. Satzung des Vereins (Stand 20.03.2023) 6 &#8211; Satzung 10.03.2023 \u00a0 Aufnahmeantrag des Judo Club HorbBitte den Link kopieren und in einem neuen Tab \u00f6ffnen. \u00a0 \u00a0 http:\/\/www.judo-club-horb.de\/wp-content\/uploads\/2025\/06\/Aufnahmeantrag-2025-Maerz-SEPA-inkl.-Datenschutzhinweise-2.pdf \u00a0 \u00a0 \u00a0 \u00a0 \u00a0 Judo-Anf\u00e4ngerkurs \u00a0 \u00a0 https:\/\/www.judo-club-horb.de\/wp-content\/uploads\/2025\/11\/2026-AFK-Anmeldezettel-erstes-Halbjahr-1.pdf \u00a0 \u00a0 [&hellip;]<\/p>\n","protected":false},"author":3,"featured_media":0,"parent":0,"menu_order":7,"comment_status":"closed","ping_status":"closed","template":"","meta":{"footnotes":""},"class_list":["post-2418","page","type-page","status-publish","hentry"],"_links":{"self":[{"href":"https:\/\/www.judo-club-horb.de\/index.php?rest_route=\/wp\/v2\/pages\/2418","targetHints":{"allow":["GET"]}}],"collection":[{"href":"https:\/\/www.judo-club-horb.de\/index.php?rest_route=\/wp\/v2\/pages"}],"about":[{"href":"https:\/\/www.judo-club-horb.de\/index.php?rest_route=\/wp\/v2\/types\/page"}],"author":[{"embeddable":true,"href":"https:\/\/www.judo-club-horb.de\/index.php?rest_route=\/wp\/v2\/users\/3"}],"replies":[{"embeddable":true,"href":"https:\/\/www.judo-club-horb.de\/index.php?rest_route=%2Fwp%2Fv2%2Fcomments&post=2418"}],"version-history":[{"count":49,"href":"https:\/\/www.judo-club-horb.de\/index.php?rest_route=\/wp\/v2\/pages\/2418\/revisions"}],"predecessor-version":[{"id":5401,"href":"https:\/\/www.judo-club-horb.de\/index.php?rest_route=\/wp\/v2\/pages\/2418\/revisions\/5401"}],"wp:attachment":[{"href":"https:\/\/www.judo-club-horb.de\/index.php?rest_route=%2Fwp%2Fv2%2Fmedia&parent=2418"}],"curies":[{"name":"wp","href":"https:\/\/api.w.org\/{rel}","templated":true}]}}