{"id":2428,"date":"2014-04-19T17:24:52","date_gmt":"2014-04-19T15:24:52","guid":{"rendered":"http:\/\/relaunch.judo-club-horb.de\/?page_id=2428"},"modified":"2023-09-13T18:55:29","modified_gmt":"2023-09-13T16:55:29","slug":"trainingsorte","status":"publish","type":"page","link":"https:\/\/www.judo-club-horb.de\/?page_id=2428","title":{"rendered":"Trainingsorte"},"content":{"rendered":"<div id=\"attachment_2215\" style=\"width: 369px\" class=\"wp-caption alignleft\"><a href=\"https:\/\/www.judo-club-horb.de\/wp-content\/uploads\/2014\/04\/horber_hallen.gif\"><img loading=\"lazy\" decoding=\"async\" aria-describedby=\"caption-attachment-2215\" class=\"size-full wp-image-2215 \" src=\"https:\/\/www.judo-club-horb.de\/wp-content\/uploads\/2014\/04\/horber_hallen.gif\" alt=\"horber_hallen\" width=\"359\" height=\"285\" \/><\/a><p id=\"caption-attachment-2215\" class=\"wp-caption-text\">Die Lage der beiden Trainingshallen in Horb<\/p><\/div>\n<p>Das Training des Judo Club Horb findet in zwei unterschiedlichen Hallen statt. Montag, Mittwoch und Freitag findet das Training in der gro\u00dfen Stadionhalle in der Horber Unterstadt statt. Donnerstags wird in der Hohenberghalle auf dem Hohenberg trainiert.<\/p>\n<p>Als Trainer stehen dem Verein lizenzierte \u00dcbungsleiter, Trainer C als auch A-Trainer zur Verf\u00fcgung. Ebenso unterst\u00fctzen einige Jugendliche als Assistenztrainer die Arbeit im Kindertraining.<\/p>\n<p>Wir bitten alle Trainingsteilnehmer darauf zu achten, dass man seine Wertsachen am besten mit der Sporttasche mit in die Halle nimmt, da w\u00e4hrend des Trainings die T\u00fcren der Eingangshallen nicht verschlossen sind. Wir haben somit keinen Einfluss darauf, wer w\u00e4hrend des Trainings sich in den Umkleidekabinen aufh\u00e4lt!<\/p>\n<p>Wer eine genau \u00dcbersicht haben m\u00f6chte, wo sich die Trainingsorte befinden, braucht nur die folgenden Links anklicken. Man landet dann auf der Homepage des St\u00e4dteverlages und kann sich anschlie\u00dfend den passenden Kartenausschnitt ausdrucken:<\/p>\n<p><a href=\"http:\/\/www.1001-stadtplan.de\/Stadtplan\/Horb\/pub\/Hohenberghalle-Mehrzweckhalle-.map\" target=\"_blank\" rel=\"noopener\">Hohenberghalle<\/a><\/p>\n<p><strong>Stand: 13. Juli 2023<\/strong><\/p>\n","protected":false},"excerpt":{"rendered":"<p>Das Training des Judo Club Horb findet in zwei unterschiedlichen Hallen statt. Montag, Mittwoch und Freitag findet das Training in der gro\u00dfen Stadionhalle in der Horber Unterstadt statt. Donnerstags wird in der Hohenberghalle auf dem Hohenberg trainiert. Als Trainer stehen dem Verein lizenzierte \u00dcbungsleiter, Trainer C als auch A-Trainer zur Verf\u00fcgung. Ebenso unterst\u00fctzen einige Jugendliche [&hellip;]<\/p>\n","protected":false},"author":3,"featured_media":0,"parent":1943,"menu_order":2,"comment_status":"closed","ping_status":"closed","template":"","meta":{"footnotes":""},"class_list":["post-2428","page","type-page","status-publish","hentry"],"_links":{"self":[{"href":"https:\/\/www.judo-club-horb.de\/index.php?rest_route=\/wp\/v2\/pages\/2428","targetHints":{"allow":["GET"]}}],"collection":[{"href":"https:\/\/www.judo-club-horb.de\/index.php?rest_route=\/wp\/v2\/pages"}],"about":[{"href":"https:\/\/www.judo-club-horb.de\/index.php?rest_route=\/wp\/v2\/types\/page"}],"author":[{"embeddable":true,"href":"https:\/\/www.judo-club-horb.de\/index.php?rest_route=\/wp\/v2\/users\/3"}],"replies":[{"embeddable":true,"href":"https:\/\/www.judo-club-horb.de\/index.php?rest_route=%2Fwp%2Fv2%2Fcomments&post=2428"}],"version-history":[{"count":9,"href":"https:\/\/www.judo-club-horb.de\/index.php?rest_route=\/wp\/v2\/pages\/2428\/revisions"}],"predecessor-version":[{"id":4680,"href":"https:\/\/www.judo-club-horb.de\/index.php?rest_route=\/wp\/v2\/pages\/2428\/revisions\/4680"}],"up":[{"embeddable":true,"href":"https:\/\/www.judo-club-horb.de\/index.php?rest_route=\/wp\/v2\/pages\/1943"}],"wp:attachment":[{"href":"https:\/\/www.judo-club-horb.de\/index.php?rest_route=%2Fwp%2Fv2%2Fmedia&parent=2428"}],"curies":[{"name":"wp","href":"https:\/\/api.w.org\/{rel}","templated":true}]}}