{"id":2430,"date":"2014-04-19T17:25:27","date_gmt":"2014-04-19T15:25:27","guid":{"rendered":"http:\/\/relaunch.judo-club-horb.de\/?page_id=2430"},"modified":"2025-01-23T19:54:03","modified_gmt":"2025-01-23T17:54:03","slug":"trainingszeiten","status":"publish","type":"page","link":"https:\/\/www.judo-club-horb.de\/?page_id=2430","title":{"rendered":"Trainingszeiten"},"content":{"rendered":"<p><span style=\"font-size: 12pt; color: #ff0000;\">(g\u00fcltig ab 23.01.2025)<\/span><\/p>\n<p>Montag, Mittwoch und Freitag findet das Training in der gro\u00dfen Stadionhalle statt.<br \/>\nDonnerstag findet das Training in der Hohenberghalle statt.<\/p>\n<table width=\"875\">\n<tbody>\n<tr>\n<td style=\"background-color: #f4f734;\" width=\"130\"><strong>Montag<\/strong><\/td>\n<td style=\"background-color: #f4f734;\" width=\"39\"><strong>Dauer<\/strong><\/td>\n<td style=\"background-color: #f4f734;\" width=\"200\"><strong>Stadionhalle<\/strong><\/td>\n<td style=\"background-color: #f4f734;\" width=\"74\"><strong>Altersklasse<\/strong><\/td>\n<td style=\"background-color: #f4f734;\" width=\"144\"><strong>Trainer(in)<\/strong><\/td>\n<td style=\"background-color: #f4f734;\" width=\"144\"><strong>\u00dcbungsleiter(in)<\/strong><br \/>\n<strong>\u00dcbungsleiterhelfer(in)<\/strong><\/td>\n<td style=\"background-color: #f4f734;\" width=\"144\"><strong>Vertreter(in)<\/strong><\/td>\n<\/tr>\n<tr>\n<td width=\"130\">17:30 bis 19:00 Uhr<\/td>\n<td width=\"39\">1,5 h<\/td>\n<td width=\"200\">Kindertraining<\/td>\n<td width=\"74\">6 &#8211; 14<\/td>\n<td width=\"144\">Alexander M\u00fcller<\/td>\n<td width=\"144\">Christian Finger<br \/>\nUrsula Frieser<\/td>\n<td width=\"144\">Christian Finger<br \/>\nKai Dahlhaus<br \/>\nJens Egert<\/td>\n<\/tr>\n<tr>\n<td width=\"130\">19:00 bis 20:30 Uhr<\/td>\n<td width=\"39\">1,5 h<\/td>\n<td width=\"200\">Jugend- und Erwachsenentraining<\/td>\n<td width=\"74\">ab 14<\/td>\n<td width=\"144\">Alexander M\u00fcller<\/td>\n<td width=\"144\">&#8211;<\/td>\n<td width=\"144\">Christian Finger<br \/>\nKai Dahlhaus<br \/>\nJens Egert<\/td>\n<\/tr>\n<tr>\n<td><\/td>\n<td><\/td>\n<td><\/td>\n<td><\/td>\n<td><\/td>\n<td><\/td>\n<td><\/td>\n<\/tr>\n<tr>\n<td style=\"background-color: #f4f734;\" width=\"130\"><strong>Mittwoch<\/strong><\/td>\n<td style=\"background-color: #f4f734;\" width=\"39\"><strong>Dauer<\/strong><\/td>\n<td style=\"background-color: #f4f734;\" width=\"200\"><strong><strong>Stadionhalle Fr\u00fchjahr\/Sommer<br \/>\nHohenberghalle<br \/>\nHerbst\/Winter<\/strong><\/strong>&nbsp;<\/td>\n<td style=\"background-color: #f4f734;\" width=\"74\"><strong>Altersklasse<\/strong><\/td>\n<td style=\"background-color: #f4f734;\" width=\"144\"><strong>Trainer(in)<\/strong><\/td>\n<td style=\"background-color: #f4f734;\" width=\"144\"><strong>\u00dcbungsleiter(in)<\/strong><br \/>\n<strong>\u00dcbungsleiterhelfer(in)<\/strong><\/td>\n<td style=\"background-color: #f4f734;\" width=\"144\"><strong>Vertreter(in)<\/strong><\/td>\n<\/tr>\n<tr>\n<td width=\"130\">19:00 bis 20:00 Uhr<\/td>\n<td width=\"39\">1,0 h<\/td>\n<td width=\"200\">Kraft- u. Fitnesstraining<\/td>\n<td width=\"74\">ab 14<\/td>\n<td width=\"144\">Frank M\u00fcller<\/td>\n<td width=\"144\">&#8211;<\/td>\n<td width=\"144\">Alexander M\u00fcller<\/td>\n<\/tr>\n<tr>\n<td colspan=\"7\"><\/td>\n<\/tr>\n<tr>\n<td style=\"background-color: #f4f734;\" width=\"130\"><strong>Donnerstag<\/strong><\/td>\n<td style=\"background-color: #f4f734;\" width=\"39\"><strong>Dauer<\/strong><\/td>\n<td style=\"background-color: #f4f734;\" width=\"200\"><strong>Hohenberghalle \u2013 Empore<\/strong><\/td>\n<td style=\"background-color: #f4f734;\" width=\"74\"><strong>Altersklasse<\/strong><\/td>\n<td style=\"background-color: #f4f734;\" width=\"144\"><strong>Trainer(in)<\/strong><\/td>\n<td style=\"background-color: #f4f734;\" width=\"144\"><strong>\u00dcbungsleiter(in)<\/strong><br \/>\n<strong>\u00dcbungsleiterhelfer(in)<\/strong><\/td>\n<td style=\"background-color: #f4f734;\" width=\"144\"><strong>Vertreter(in)<\/strong><\/td>\n<\/tr>\n<tr>\n<td width=\"130\">17:00 &#8211; 18:30 Uhr<\/td>\n<td width=\"39\">1,5 h<\/td>\n<td width=\"200\">Anf\u00e4ngerkurs Kinder<\/td>\n<td width=\"74\">ab 5<\/td>\n<td width=\"144\">Jens Eggert<br \/>\nEckard Lacher<\/td>\n<td width=\"144\">Christian Finger<br \/>\nShania Beier<\/td>\n<td width=\"144\">Kai Dahlhaus<br \/>\nAlexander M\u00fcller<br \/>\nChristian Finger<\/td>\n<\/tr>\n<tr>\n<td width=\"130\">18:30 &#8211; 20:00 Uhr<\/td>\n<td width=\"39\">1,5 h<\/td>\n<td width=\"200\">Freizeittraining \/ G\u00fcrtelvorbereitung<\/td>\n<td width=\"74\">ab 14<\/td>\n<td width=\"144\">Jens Eggert<br \/>\nEckard Lacher<\/td>\n<td width=\"144\">&#8211;<\/td>\n<td width=\"144\">Kai Dahlhaus<br \/>\nAlexander M\u00fcller<br \/>\nChristian Finger<\/td>\n<\/tr>\n<tr>\n<td colspan=\"7\"><\/td>\n<\/tr>\n<tr>\n<td style=\"background-color: #f4f734;\" width=\"130\"><strong>Freitag<\/strong><\/td>\n<td style=\"background-color: #f4f734;\" width=\"39\"><strong>Dauer<\/strong><\/td>\n<td style=\"background-color: #f4f734;\" width=\"200\"><strong>Stadionhalle<\/strong><\/td>\n<td style=\"background-color: #f4f734;\" width=\"74\"><strong>Altersklasse<\/strong><\/td>\n<td style=\"background-color: #f4f734;\" width=\"144\"><strong>Trainer(in)<\/strong><\/td>\n<td style=\"background-color: #f4f734;\" width=\"144\"><strong>\u00dcbungsleiter(in)<\/strong><br \/>\n<strong>\u00dcbungsleiterhelfer(in)<\/strong><\/td>\n<td style=\"background-color: #f4f734;\" width=\"144\"><strong>Vertreter(in)<\/strong><\/td>\n<\/tr>\n<tr>\n<td width=\"130\">17:00 &#8211; 18:30 Uhr<\/td>\n<td width=\"39\">1,5 h<\/td>\n<td width=\"200\">Kindertraining<\/td>\n<td width=\"74\">6 &#8211; 10<\/td>\n<td width=\"144\">Kai Dahlhaus<\/td>\n<td width=\"144\">Ursula Frieser<br \/>\nRen\u00e9 Gebhardt<br \/>\nAlbert Kunz<br \/>\nPatrick B\u00e4r<\/td>\n<td width=\"144\">Alexander M\u00fcller<br \/>\nChristian Finger<br \/>\nJens Eggert<\/td>\n<\/tr>\n<tr>\n<td width=\"130\">18:30 &#8211; 20:00 Uhr<\/td>\n<td width=\"39\">1,5 h<\/td>\n<td width=\"200\">Kinder Fortgeschrittene<\/td>\n<td width=\"74\">ab 10<\/td>\n<td width=\"144\">Kai Dahlhaus<\/td>\n<td width=\"144\">Ursula Frieser<br \/>\nRen\u00e9 Gebhardt<br \/>\nAlbert Kunz<br \/>\nPatrick B\u00e4r<br \/>\nAngelika Gebhardt<\/td>\n<td width=\"144\">Alexander M\u00fcller<br \/>\nChristian Finger<br \/>\nJens Eggert<\/td>\n<\/tr>\n<tr>\n<td>18:30 &#8211; 20:00 Uhr<\/td>\n<td>1,5 h<\/td>\n<td>Jugendtraining<br \/>\nFreies Training f\u00fcr Erwachsene<\/td>\n<td><\/td>\n<td>Robert Rupp<\/td>\n<td><\/td>\n<td><\/td>\n<\/tr>\n<\/tbody>\n<\/table>\n<p>Zum Download: <a href=\"http:\/\/www.judo-club-horb.de\/wp-content\/uploads\/2023\/10\/2023-JC-Horb-Training-nach-den-Herbstferien.pdf\" target=\"_blank\" rel=\"noopener\">2023 JC Horb Training nach den Herbstferien<\/a><\/p>\n<p style=\"color: #fa1c04;\"><span style=\"text-decoration: underline;\"><strong>Allgemeiner Sicherheitshinweis:<\/strong><\/span><br \/>\nBitte keine Wertgegenst\u00e4nde in den Umkleidekabinen lassen, da auch andere Sportgruppen sich in der\u00a0 bzw. auf dem Sportplatz aufhalten! Au\u00dferdem muss die Haupteingangst\u00fcre w\u00e4hrend des Sportbetriebs unverschlossen bleiben. Man hat also keine Kontrolle dar\u00fcber, ob sich fremde Personen Zugang zu den Kabinen verschaffen!<\/p>\n<p>Wir bitten alle am Training interessierten Judoka zu beachten. In den Faschingsferien, Osterferien, Pfingstferien, Sommerferien, Herbstferien und Weihnachtsferien sind die Hallen f\u00fcr die Vereine geschlossen. Daher findet in diesem Zeitraum kein Training statt. In besonderen F\u00e4llen kann es bei den k\u00fcrzeren Ferien vorkommen, dass unter Umst\u00e4nden doch trainiert werden kann. In diesen F\u00e4llen werden die Trainingszeiten auf der Homepage sowie \u00fcber die WhatsApp-Gruppen bekannt gegeben.<\/p>\n","protected":false},"excerpt":{"rendered":"<p>(g\u00fcltig ab 23.01.2025) Montag, Mittwoch und Freitag findet das Training in der gro\u00dfen Stadionhalle statt. Donnerstag findet das Training in der Hohenberghalle statt. Montag Dauer Stadionhalle Altersklasse Trainer(in) \u00dcbungsleiter(in) \u00dcbungsleiterhelfer(in) Vertreter(in) 17:30 bis 19:00 Uhr 1,5 h Kindertraining 6 &#8211; 14 Alexander M\u00fcller Christian Finger Ursula Frieser Christian Finger Kai Dahlhaus Jens Egert 19:00 bis [&hellip;]<\/p>\n","protected":false},"author":3,"featured_media":0,"parent":1943,"menu_order":1,"comment_status":"closed","ping_status":"closed","template":"","meta":{"footnotes":""},"class_list":["post-2430","page","type-page","status-publish","hentry"],"_links":{"self":[{"href":"https:\/\/www.judo-club-horb.de\/index.php?rest_route=\/wp\/v2\/pages\/2430","targetHints":{"allow":["GET"]}}],"collection":[{"href":"https:\/\/www.judo-club-horb.de\/index.php?rest_route=\/wp\/v2\/pages"}],"about":[{"href":"https:\/\/www.judo-club-horb.de\/index.php?rest_route=\/wp\/v2\/types\/page"}],"author":[{"embeddable":true,"href":"https:\/\/www.judo-club-horb.de\/index.php?rest_route=\/wp\/v2\/users\/3"}],"replies":[{"embeddable":true,"href":"https:\/\/www.judo-club-horb.de\/index.php?rest_route=%2Fwp%2Fv2%2Fcomments&post=2430"}],"version-history":[{"count":50,"href":"https:\/\/www.judo-club-horb.de\/index.php?rest_route=\/wp\/v2\/pages\/2430\/revisions"}],"predecessor-version":[{"id":5003,"href":"https:\/\/www.judo-club-horb.de\/index.php?rest_route=\/wp\/v2\/pages\/2430\/revisions\/5003"}],"up":[{"embeddable":true,"href":"https:\/\/www.judo-club-horb.de\/index.php?rest_route=\/wp\/v2\/pages\/1943"}],"wp:attachment":[{"href":"https:\/\/www.judo-club-horb.de\/index.php?rest_route=%2Fwp%2Fv2%2Fmedia&parent=2430"}],"curies":[{"name":"wp","href":"https:\/\/api.w.org\/{rel}","templated":true}]}}