{"id":2432,"date":"2014-04-19T17:27:49","date_gmt":"2014-04-19T15:27:49","guid":{"rendered":"http:\/\/relaunch.judo-club-horb.de\/?page_id=2432"},"modified":"2026-02-25T13:36:16","modified_gmt":"2026-02-25T11:36:16","slug":"trainingsausfall","status":"publish","type":"page","link":"https:\/\/www.judo-club-horb.de\/?page_id=2432","title":{"rendered":"Trainingsausfall"},"content":{"rendered":"<p>Der Judo Club Horb bem\u00fcht sich, allen Mitgliedern eventuelle Termine, an denen nicht in einer der Hallen trainiert werden kann, rechtzeitig mitzuteilen. Generell gilt: W\u00e4hrend der offiziellen Ferien und beweglichen Ferientage der Horber Schulen sind die Trainingshallen leider geschlossen. Au\u00dferdem m\u00fcssen wegen der sich st\u00e4ndig \u00e4ndernden Corona-Pandemie mit Einschr\u00e4nkungen bzw. Trainingsausfall gerechnet werden.<\/p>\n<p>Es kann manchmal vorkommen, dass Trainingstermine in der Hohenberghalle (betrifft den Donnerstag) abgesagt werden m\u00fcssen, wenn die Halle von der Stadt Horb f\u00fcr eine Veranstaltung vergeben wurde. In diesem Fall werden uns alle bekannten Termine hier angegeben.<\/p>\n<p><strong>Betrifft das Training in der Hohenberghalle!\u00a0<\/strong><\/p>\n<p>\u00dcbersicht \u00fcber Trainingstage im <span style=\"color: #ff0000;\"><strong>ersten Halbjahr 2026 in der Hohenberghalle Horb<\/strong> <\/span>(\u00c4nderungen durch die Stadt Horb jederzeit m\u00f6glich)<\/p>\n<p><strong>Stand: 24.02.2026<\/strong><\/p>\n<table style=\"width: 113.263%; height: 180px;\" width=\"195\">\n<tbody>\n<tr style=\"height: 24px;\">\n<td style=\"width: 201px; height: 24px;\">Do. 16.07.2026<\/td>\n<td style=\"width: 730px; height: 24px;\">Training findet in der gro\u00dfen Stadionhalle statt, da die Hohenberghalle wegen einer Veranstaltung belegt ist.<\/td>\n<\/tr>\n<tr style=\"height: 24px;\">\n<td style=\"width: 201px; height: 24px;\">Do. 23.07.2026<\/td>\n<td style=\"width: 730px; height: 24px;\">Training findet in der gro\u00dfen Stadionhalle statt, da die Hohenberghalle wegen einer Veranstaltung belegt ist.<\/td>\n<\/tr>\n<\/tbody>\n<\/table>\n<p><strong>\u00a0<\/strong><\/p>\n<p><span style=\"color: #ff0000;\">\u00a0<\/span><\/p>\n<p><strong>\u00a0<\/strong><\/p>\n<p><span style=\"color: #ff0000;\">\u00a0<\/span><\/p>\n","protected":false},"excerpt":{"rendered":"<p>Der Judo Club Horb bem\u00fcht sich, allen Mitgliedern eventuelle Termine, an denen nicht in einer der Hallen trainiert werden kann, rechtzeitig mitzuteilen. Generell gilt: W\u00e4hrend der offiziellen Ferien und beweglichen Ferientage der Horber Schulen sind die Trainingshallen leider geschlossen. Au\u00dferdem m\u00fcssen wegen der sich st\u00e4ndig \u00e4ndernden Corona-Pandemie mit Einschr\u00e4nkungen bzw. Trainingsausfall gerechnet werden. Es kann [&hellip;]<\/p>\n","protected":false},"author":3,"featured_media":0,"parent":1943,"menu_order":5,"comment_status":"closed","ping_status":"closed","template":"","meta":{"footnotes":""},"class_list":["post-2432","page","type-page","status-publish","hentry"],"_links":{"self":[{"href":"https:\/\/www.judo-club-horb.de\/index.php?rest_route=\/wp\/v2\/pages\/2432","targetHints":{"allow":["GET"]}}],"collection":[{"href":"https:\/\/www.judo-club-horb.de\/index.php?rest_route=\/wp\/v2\/pages"}],"about":[{"href":"https:\/\/www.judo-club-horb.de\/index.php?rest_route=\/wp\/v2\/types\/page"}],"author":[{"embeddable":true,"href":"https:\/\/www.judo-club-horb.de\/index.php?rest_route=\/wp\/v2\/users\/3"}],"replies":[{"embeddable":true,"href":"https:\/\/www.judo-club-horb.de\/index.php?rest_route=%2Fwp%2Fv2%2Fcomments&post=2432"}],"version-history":[{"count":50,"href":"https:\/\/www.judo-club-horb.de\/index.php?rest_route=\/wp\/v2\/pages\/2432\/revisions"}],"predecessor-version":[{"id":5397,"href":"https:\/\/www.judo-club-horb.de\/index.php?rest_route=\/wp\/v2\/pages\/2432\/revisions\/5397"}],"up":[{"embeddable":true,"href":"https:\/\/www.judo-club-horb.de\/index.php?rest_route=\/wp\/v2\/pages\/1943"}],"wp:attachment":[{"href":"https:\/\/www.judo-club-horb.de\/index.php?rest_route=%2Fwp%2Fv2%2Fmedia&parent=2432"}],"curies":[{"name":"wp","href":"https:\/\/api.w.org\/{rel}","templated":true}]}}