{"id":2450,"date":"2014-04-19T17:44:59","date_gmt":"2014-04-19T15:44:59","guid":{"rendered":"http:\/\/relaunch.judo-club-horb.de\/?page_id=2450"},"modified":"2025-04-14T23:56:23","modified_gmt":"2025-04-14T21:56:23","slug":"verein-mitgliedsbeitraege","status":"publish","type":"page","link":"https:\/\/www.judo-club-horb.de\/?page_id=2450","title":{"rendered":"Verein &#8211; Mitgliedsbeitr\u00e4ge"},"content":{"rendered":"<p><strong>Die Mitgliedsbeitr\u00e4ge entsprechen der folgenden Auflistung <\/strong><br \/>\n<span style=\"color: #0000ff;\"><strong>(Stand 21. M\u00e4rz 2025)<\/strong><\/span><\/p>\n<p><strong>I. Aufnahmegeb\u00fchr (einmalig) und j\u00e4hrliche Mitgliedbeitr\u00e4ge<\/strong><\/p>\n<p>1. Aufnahmegeb\u00fchr <span style=\"color: #0000ff;\"><strong>45.&#8211;<\/strong><\/span> <span style=\"color: #0000ff;\">Euro<\/span> (ab 01.01.2025)<br \/>\nBei passiven Mitgliedern\u00a0 wird keine Aufnahmegeb\u00fchr erhoben.<\/p>\n<p>2. Der Beitrag f\u00fcr passive Mitgliedschaft betr\u00e4gt: \u00a0\u00a0 20.&#8211; Euro<\/p>\n<p>3. Die nach Altersgruppen gestaffelten Jahresbeitr\u00e4ge betragen nach<span style=\"color: #0000ff;\"><strong> der Zustimmung der Mitgliederversammlung vom 21.03.2025 :<\/strong><\/span><br \/>\na) 01 bis 14 Jahre (bis vollendetes 14. Lebensjahr): <span style=\"color: #0000ff;\"><strong>80 \u20ac<\/strong><\/span><br \/>\nb) 15 bis 18 Jahre (bis vollendetes 18. Lebensjahr): <span style=\"color: #0000ff;\"><strong>90 \u20ac<\/strong><\/span><br \/>\nc) ab dem 18. Lebensjahr : \u00a0 \u00a0 \u00a0 \u00a0 \u00a0 \u00a0 \u00a0 \u00a0 \u00a0 \u00a0 \u00a0 \u00a0 \u00a0 \u00a0 \u00a0 \u00a0\u00a0\u00a0 \u00a0 \u00a0 <span style=\"color: #0000ff;\"><strong>110 \u20ac<\/strong><\/span><br \/>\nd) Studenten, Bundesfreiwilligendienst, Freiwilliges Soziales Jahr (<strong>Nachweis j\u00e4hrlich erforderlich<\/strong>): <span style=\"color: #0000ff;\"><strong>90 \u20ac)<br \/>\n<\/strong><\/span>Bei Eintritt zum 2. Halbjahr (z.B. nach Anf\u00e4ngerkurs) ist im Eintrittsjahr nur der halbe Jahresbeitrag f\u00e4llig!<\/p>\n<p>4. Familienbeitrag:<br \/>\nEine Familienmitgliedschaft liegt vor, wenn mindestens drei Personen einer Familie Mitglieder sind. Somit zahlen zwei Mitglieder den vollen Beitrag, das dritte Mitglied den halben Beitrag. Jedes weitere Familienmitglied wird beitragsfrei gef\u00fchrt.<\/p>\n<p><strong>II. Zahlungsm\u00f6glichkeiten:<\/strong><br \/>\nEinzugserm\u00e4chtigung<\/p>\n<p>Der Jahresbeitrag wird zum 15.04. jedes Jahres mittels Lastschrift eingezogen.<\/p>\n<p><strong>III. Beendigung der Mitgliedschaft:<\/strong><\/p>\n<p><span style=\"color: #ff0000;\">Die Beendigung der Mitgliedschaft kann nur schriftlich f\u00fcr den Schluss eines Gesch\u00e4ftsjahres (<strong>31.12<\/strong>.) unter Einhaltung einer sechsw\u00f6chigen K\u00fcndigungsfrist erfolgen.<\/span><\/p>\n<p><span style=\"color: #0000ff;\"><strong>Sonstige Geb\u00fchren: Stand M\u00e4rz 2025<\/strong><\/span><\/p>\n<p>Geb\u00fchren f\u00fcr G\u00fcrtelpr\u00fcfungen \/ pro Pr\u00fcfling: <span style=\"color: #0000ff;\"><strong>20,00 \u20ac<\/strong><\/span> f\u00fcr Urkunde und digitale Pr\u00fcfungsmarke, G\u00fcrtel kosten <strong>7,00 \u20ac<br \/>\nUrkunden werden \u00fcberreicht, die &#8222;digitale&#8220; Pr\u00fcfungsmarke best\u00e4tigt dann den neuen G\u00fcrtelgrad. Hierzu m\u00fcssen die Mitglieder nach erfolgreicher Pr\u00fcfung ihren digitalen Judopass aktualisieren, damit der neue G\u00fcrtelgrad angezeigt wird.<\/strong><\/p>\n<p><strong>Bitte habt Verst\u00e4ndnis, dass wir bei Zahlungseing\u00e4ngen der Mitgliedsbeitr\u00e4gen nach dem 1. Mai des jeweiligen Beitragsjahrs eine Bearbeitungsgeb\u00fchr von 5 \u20ac in Rechnung stellen m\u00fcssen.<\/strong><\/p>\n<p><strong>Ab Juli 2025 werden vom Deutschen Judobund f\u00fcr Wettk\u00e4mpfe und Pr\u00fcfungen nur noch digitale Judop\u00e4sse akzeptiert!<\/strong><br \/>\nJudopass digital: 15 \u20ac<br \/>\nJahressichtmarke digital 23 \u20ac (Stand M\u00e4rz 2025)<\/p>\n<p><strong>Anf\u00e4ngerkursgeb\u00fchren:\u00a0<\/strong><\/p>\n<p style=\"background-color: #ffff66;\">\u00a0 65 Euro f\u00fcr eine Person (Kind\/Jugendlicher\/Erwachsener)<br \/>\n110 Euro bei zwei Kinder\/Jugendliche einer Familie<br \/>\n130 Euro bei drei Kindern\/Jugendlichen einer Familie<\/p>\n<p><span style=\"text-decoration: underline;\"><strong>Wichtig<\/strong><\/span>: Bei einem Anf\u00e4ngerkurs f\u00fcr Kinder darf pro teilnehmenden Kind ein Elternteil kostenlos am Anf\u00e4ngerkurs teilnehmen!<\/p>\n","protected":false},"excerpt":{"rendered":"<p>Die Mitgliedsbeitr\u00e4ge entsprechen der folgenden Auflistung (Stand 21. M\u00e4rz 2025) I. Aufnahmegeb\u00fchr (einmalig) und j\u00e4hrliche Mitgliedbeitr\u00e4ge 1. Aufnahmegeb\u00fchr 45.&#8211; Euro (ab 01.01.2025) Bei passiven Mitgliedern\u00a0 wird keine Aufnahmegeb\u00fchr erhoben. 2. Der Beitrag f\u00fcr passive Mitgliedschaft betr\u00e4gt: \u00a0\u00a0 20.&#8211; Euro 3. Die nach Altersgruppen gestaffelten Jahresbeitr\u00e4ge betragen nach der Zustimmung der Mitgliederversammlung vom 21.03.2025 : a) [&hellip;]<\/p>\n","protected":false},"author":3,"featured_media":0,"parent":110,"menu_order":5,"comment_status":"closed","ping_status":"closed","template":"","meta":{"footnotes":""},"class_list":["post-2450","page","type-page","status-publish","hentry"],"_links":{"self":[{"href":"https:\/\/www.judo-club-horb.de\/index.php?rest_route=\/wp\/v2\/pages\/2450","targetHints":{"allow":["GET"]}}],"collection":[{"href":"https:\/\/www.judo-club-horb.de\/index.php?rest_route=\/wp\/v2\/pages"}],"about":[{"href":"https:\/\/www.judo-club-horb.de\/index.php?rest_route=\/wp\/v2\/types\/page"}],"author":[{"embeddable":true,"href":"https:\/\/www.judo-club-horb.de\/index.php?rest_route=\/wp\/v2\/users\/3"}],"replies":[{"embeddable":true,"href":"https:\/\/www.judo-club-horb.de\/index.php?rest_route=%2Fwp%2Fv2%2Fcomments&post=2450"}],"version-history":[{"count":25,"href":"https:\/\/www.judo-club-horb.de\/index.php?rest_route=\/wp\/v2\/pages\/2450\/revisions"}],"predecessor-version":[{"id":5129,"href":"https:\/\/www.judo-club-horb.de\/index.php?rest_route=\/wp\/v2\/pages\/2450\/revisions\/5129"}],"up":[{"embeddable":true,"href":"https:\/\/www.judo-club-horb.de\/index.php?rest_route=\/wp\/v2\/pages\/110"}],"wp:attachment":[{"href":"https:\/\/www.judo-club-horb.de\/index.php?rest_route=%2Fwp%2Fv2%2Fmedia&parent=2450"}],"curies":[{"name":"wp","href":"https:\/\/api.w.org\/{rel}","templated":true}]}}