{"id":28,"date":"2014-01-22T15:03:00","date_gmt":"2014-01-22T13:03:00","guid":{"rendered":"http:\/\/relaunch.rossbergschule-horb.de\/?page_id=28"},"modified":"2022-08-02T16:26:08","modified_gmt":"2022-08-02T14:26:08","slug":"impressum","status":"publish","type":"page","link":"https:\/\/www.judo-club-horb.de\/?page_id=28","title":{"rendered":"Impressum"},"content":{"rendered":"<p>Judo Club Horb a.N.e.V.<br \/>\nHolzstra\u00dfe 9<br \/>\n72108 Rottenburg-Eckenweiler<\/p>\n<p>Gemeinschaftlich vertretungsberechtigt:<\/p>\n<p>V.i.S.d \u00a7 55 Abs. 2 RStV:<br \/>\n1. Vorsitzender:<br \/>\nKai Dahlhaus<br \/>\nHolzstra\u00dfe 9<br \/>\n72108 Rottenburg-Eckenweiler<br \/>\nMobil: +49 173 6650019.<br \/>\nTelefon: +49 7457 9349171+49 7457 9349171.<\/p>\n<p>2. Vorsitzender:<br \/>\nNorman Wei\u00df<\/p>\n<p>Der Judo Club Horb ist ein gemeinn\u00fctziger Verein und im Vereinsregister eingetragen.<br \/>\nSein Sitz ist Horb am Neckar.<\/p>\n<p>Webmaster:<br \/>\nJens Eggert<\/p>\n<p>E-Mail: Eggert-Jens(at)hotmail.de<\/p>\n<p>&nbsp;<\/p>\n<p>&nbsp;<\/p>\n<p><strong><span style=\"color: #0000ff;\">Bankverbindung:<\/span><\/strong><\/p>\n<p><span style=\"color: #0000ff;\">Kreissparkasse Freudenstadt<\/span><br \/>\n<span style=\"color: #0000ff;\">BLZ: 642 510 60<\/span><br \/>\n<span style=\"color: #0000ff;\">Kontonr.: 605900<br \/>\n<\/span><span style=\"color: #0000ff;\">IBAN: DE93 6425 1060 0000 6059 00<\/span><\/p>\n<p>&nbsp;<\/p>\n<h2>Design:<\/h2>\n<p>Mit freundlicher Unterst\u00fctzung von <a href=\"http:\/\/www.coloritas.de\" target=\"_blank\" rel=\"noopener noreferrer\">www.coloritas.de<\/a> &#8211; die Ideenlounge.<\/p>\n<h2>Haftungshinweis \/ Nutzungsbedingungen:<\/h2>\n<p><i><b>Haftung f\u00fcr Inhalte <\/b><\/i><\/p>\n<p><i>Die Inhalte unserer Seiten wurden mit gr\u00f6\u00dfter Sorgfalt erstellt. F\u00fcr die Richtigkeit, Vollst\u00e4ndigkeit und Aktualit\u00e4t der Inhalte k\u00f6nnen wir jedoch keine Gew\u00e4hr \u00fcbernehmen. Als Diensteanbieter sind wir gem\u00e4\u00df \u00a7 7 Abs.1 TMG f\u00fcr eigene Inhalte auf diesen Seiten nach den allgemeinen Gesetzen verantwortlich. Nach \u00a7\u00a7 8 bis 10 TMG sind wir als Diensteanbieter jedoch nicht verpflichtet, \u00fcbermittelte oder gespeicherte fremde Informationen zu \u00fcberwachen oder nach Umst\u00e4nden zu forschen, die auf eine rechtswidrige T\u00e4tigkeit hinweisen. Verpflichtungen zur Entfernung oder Sperrung der Nutzung von Informationen nach den allgemeinen Gesetzen bleiben hiervon unber\u00fchrt. Eine diesbez\u00fcgliche Haftung ist jedoch erst ab dem Zeitpunkt der Kenntnis einer konkreten Rechtsverletzung m\u00f6glich. Bei Bekanntwerden von entsprechenden Rechtsverletzungen werden wir diese Inhalte umgehend entfernen.<\/i><\/p>\n<p><b><i>Haftung f\u00fcr Links<\/i><\/b><\/p>\n<p><i>Mit Urteil vom 12. Mai 1998 hat das Landgericht Hamburg entschieden, dass man durch die Ausbringung eines Links die Inhalte der gelinkten Seite gegebenenfalls mit zu verantworten hat. Dies kann, so das Landgericht Hamburg, nur dadurch verhindert werden, dass man sich ausdr\u00fccklich von diesen Inhalten distanziert.<br \/>\nWir haben auf unseren Seiten Links zu anderen Seiten im Internet gelegt. F\u00fcr alle dieser Links gilt:<br \/>\nWir erkl\u00e4ren ausdr\u00fccklich, dass wir keinerlei Einfluss auf die Gestaltung und die Inhalte der gelinkten Seiten haben. Deshalb distanzieren wir uns hiermit ausdr\u00fccklich von allen Inhalten aller gelinkten Seiten auf unserer Homepage und machen uns diese Inhalte nicht zu Eigen. Diese Erkl\u00e4rung gilt f\u00fcr alle auf unserer Homepage angezeigten Links und f\u00fcr alle Inhalte der Seiten, zu denen die bei uns gelegten Banner und Links f\u00fchren.<\/i><\/p>\n<p><b><i>Urheberrecht<\/i><\/b><\/p>\n<p><i>Die durch die Seitenbetreiber erstellten Inhalte und Werke auf diesen Seiten unterliegen dem deutschen Urheberrecht. Die Vervielf\u00e4ltigung, Bearbeitung, Verbreitung und jede Art der Verwertung au\u00dferhalb der Grenzen des Urheberrechtes bed\u00fcrfen der schriftlichen Zustimmung des jeweiligen Autors bzw. Erstellers. Downloads und Kopien dieser Seite sind nur f\u00fcr den privaten, nicht kommerziellen Gebrauch gestattet. Soweit die Inhalte auf dieser Seite nicht vom Betreiber erstellt wurden, werden die Urheberrechte Dritter beachtet. Insbesondere wurden Inhalte Dritter von uns als solche gekennzeichnet. Sollten Sie trotzdem auf eine Urheberrechtsverletzung aufmerksam werden, bitten wir um einen entsprechenden Hinweis. Bei Bekanntwerden von Rechtsverletzungen werden wir derartige Inhalte umgehend entfernen.<\/i><\/p>\n<p><b><i>Datenschutz<\/i><\/b><\/p>\n<p><i>Die Nutzung unserer Webseite ist in der Regel ohne Angabe personenbezogener Daten m\u00f6glich. Soweit auf unseren Seiten personenbezogene Daten (beispielsweise Name, Anschrift oder eMail-Adressen) erhoben werden, erfolgt dies, soweit m\u00f6glich, stets auf freiwilliger Basis. Diese Daten werden ohne Ihre ausdr\u00fcckliche Zustimmung nicht an Dritte weitergegeben.<\/i><\/p>\n<p><i>Wir weisen darauf hin, dass die Daten\u00fcbertragung im Internet (z.B. bei der Kommunikation per E-Mail) Sicherheitsl\u00fccken aufweisen kann. Ein l\u00fcckenloser Schutz der Daten vor dem Zugriff durch Dritte ist nicht m\u00f6glich.<\/i><\/p>\n<p><i>Der Nutzung von im Rahmen der Impressumspflicht ver\u00f6ffentlichten Kontaktdaten durch Dritte zur \u00dcbersendung von nicht ausdr\u00fccklich angeforderter Werbung und Informationsmaterialien wird hiermit ausdr\u00fccklich widersprochen. Die Betreiber der Seiten behalten sich ausdr\u00fccklich rechtliche Schritte im Falle der unverlangten Zusendung von Werbeinformationen, etwa durch Spam-Mails, vor.<\/i><\/p>\n<p>&nbsp;<\/p>\n","protected":false},"excerpt":{"rendered":"<p>Judo Club Horb a.N.e.V. Holzstra\u00dfe 9 72108 Rottenburg-Eckenweiler Gemeinschaftlich vertretungsberechtigt: V.i.S.d \u00a7 55 Abs. 2 RStV: 1. Vorsitzender: Kai Dahlhaus Holzstra\u00dfe 9 72108 Rottenburg-Eckenweiler Mobil: +49 173 6650019. Telefon: +49 7457 9349171+49 7457 9349171. 2. Vorsitzender: Norman Wei\u00df Der Judo Club Horb ist ein gemeinn\u00fctziger Verein und im Vereinsregister eingetragen. Sein Sitz ist Horb am [&hellip;]<\/p>\n","protected":false},"author":1,"featured_media":0,"parent":0,"menu_order":10,"comment_status":"closed","ping_status":"closed","template":"","meta":{"footnotes":""},"class_list":["post-28","page","type-page","status-publish","hentry"],"_links":{"self":[{"href":"https:\/\/www.judo-club-horb.de\/index.php?rest_route=\/wp\/v2\/pages\/28","targetHints":{"allow":["GET"]}}],"collection":[{"href":"https:\/\/www.judo-club-horb.de\/index.php?rest_route=\/wp\/v2\/pages"}],"about":[{"href":"https:\/\/www.judo-club-horb.de\/index.php?rest_route=\/wp\/v2\/types\/page"}],"author":[{"embeddable":true,"href":"https:\/\/www.judo-club-horb.de\/index.php?rest_route=\/wp\/v2\/users\/1"}],"replies":[{"embeddable":true,"href":"https:\/\/www.judo-club-horb.de\/index.php?rest_route=%2Fwp%2Fv2%2Fcomments&post=28"}],"version-history":[{"count":35,"href":"https:\/\/www.judo-club-horb.de\/index.php?rest_route=\/wp\/v2\/pages\/28\/revisions"}],"predecessor-version":[{"id":4405,"href":"https:\/\/www.judo-club-horb.de\/index.php?rest_route=\/wp\/v2\/pages\/28\/revisions\/4405"}],"wp:attachment":[{"href":"https:\/\/www.judo-club-horb.de\/index.php?rest_route=%2Fwp%2Fv2%2Fmedia&parent=28"}],"curies":[{"name":"wp","href":"https:\/\/api.w.org\/{rel}","templated":true}]}}